{"id":2323,"date":"2015-12-27T16:43:23","date_gmt":"2015-12-27T16:43:23","guid":{"rendered":"http:\/\/wima.wpengine.com\/fr\/partners\/"},"modified":"2023-01-03T19:49:30","modified_gmt":"2023-01-03T19:49:30","slug":"partenaires","status":"publish","type":"page","link":"https:\/\/westislandmusicacademy.com\/fr\/partenaires\/","title":{"rendered":"Nos partenaires"},"content":{"rendered":"<p>[et_pb_section admin_label=\u00a0\u00bbsection\u00a0\u00bb]<br \/>\n\t\t\t[et_pb_row admin_label=\u00a0\u00bbrow\u00a0\u00bb]<br \/>\n\t\t\t\t[et_pb_column type=\u00a0\u00bb4_4&Prime;][et_pb_text admin_label=\u00a0\u00bbText\u00a0\u00bb][vc_row full_width=\u00a0\u00bbstretch_row_content\u00a0\u00bb css=\u00a0\u00bb.vc_custom_1459887181484{margin-top: 0px !important;padding-top: 40px !important;padding-bottom: 40px !important;background-image: url(\/wp-content\/uploads\/2016\/01\/guitare-ok.jpg?id=2226) !important;background-position: center !important;background-repeat: no-repeat !important;background-size: cover !important;}\u00a0\u00bb][vc_column][vc_row_inner css=\u00a0\u00bb.vc_custom_1452197253907{padding-top: 50px !important;padding-bottom: 50px !important;padding-left: 100px !important;}\u00a0\u00bb][vc_column_inner][vc_column_text]<\/p>\n<h1><span style=\"color: #ffffff;\">PARTENAIRES<\/span><\/h1>\n<p>[\/vc_column_text][\/vc_column_inner][\/vc_row_inner][\/vc_column][\/vc_row][vc_row][vc_column width=\u00a0\u00bb1\/3&Prime;][vc_empty_space][vc_empty_space][vc_single_image image=\u00a0\u00bb2443&Prime; img_size=\u00a0\u00bbmedium\u00a0\u00bb][vc_single_image image=\u00a0\u00bb2444&Prime; img_size=\u00a0\u00bbmedium\u00a0\u00bb][vc_single_image image=\u00a0\u00bb2445&Prime; img_size=\u00a0\u00bbmedium\u00a0\u00bb][\/vc_column][vc_column width=\u00a0\u00bb2\/3&Prime;][vc_empty_space height=\u00a0\u00bb120px\u00a0\u00bb][vc_column_text]En partenariat avec la ville de <a href=\"http:\/\/www.cotesaintluc.org\/\" target=\"_blank\" rel=\"noopener\">C\u00f4te Saint-Luc.<\/a>[\/vc_column_text][vc_empty_space height=\u00a0\u00bb50px\u00a0\u00bb][vc_column_text]En partenariat avec <a href=\"http:\/\/musitec.ca\/\" target=\"_blank\" rel=\"noopener\">Musi-Tec<\/a>, notre plus grande source d\u2019instruments, d\u2019accessoires, d\u2019\u00e9quipements audio et de services de r\u00e9paration. Situ\u00e9 \u00e0 Dorval, \u00e0 deux pas du boulevard Des Sources.[\/vc_column_text][vc_empty_space height=\u00a0\u00bb50px\u00a0\u00bb][vc_column_text]En partenariat avec le <a href=\"#\" target=\"_blank\" rel=\"noopener\">Steve\u2019s music store<\/a>, Situ\u00e9 au centre-ville, Steve\u2019s poss\u00e8de une large s\u00e9lection de tout ce dont vous pourriez avoir besoin.[\/vc_column_text][\/vc_column][\/vc_row][\/et_pb_text][\/et_pb_column]<br \/>\n\t\t\t[\/et_pb_row]<br \/>\n\t\t[\/et_pb_section]<\/p>\n","protected":false},"excerpt":{"rendered":"<p>[vc_row full_width=\u00a0\u00bbstretch_row_content\u00a0\u00bb css=\u00a0\u00bb.vc_custom_1459887181484{margin-top: 0px !important;padding-top: 40px !important;padding-bottom: 40px !important;background-image: url(\/wp-content\/uploads\/2016\/01\/guitare-ok.jpg?id=2226) !important;background-position: center !important;background-repeat: no-repeat !important;background-size: cover !important;}\u00a0\u00bb][vc_column][vc_row_inner css=\u00a0\u00bb.vc_custom_1452197253907{padding-top: 50px !important;padding-bottom: 50px !important;padding-left: 100px !important;}\u00a0\u00bb][vc_column_inner][vc_column_text] PARTENAIRES [\/vc_column_text][\/vc_column_inner][\/vc_row_inner][\/vc_column][\/vc_row][vc_row][vc_column width=\u00a0\u00bb1\/3&Prime;][vc_empty_space][vc_empty_space][vc_single_image image=\u00a0\u00bb2443&Prime; img_size=\u00a0\u00bbmedium\u00a0\u00bb][vc_single_image image=\u00a0\u00bb2444&Prime; img_size=\u00a0\u00bbmedium\u00a0\u00bb][vc_single_image image=\u00a0\u00bb2445&Prime; img_size=\u00a0\u00bbmedium\u00a0\u00bb][\/vc_column][vc_column width=\u00a0\u00bb2\/3&Prime;][vc_empty_space height=\u00a0\u00bb120px\u00a0\u00bb][vc_column_text]En partenariat avec la ville de C\u00f4te Saint-Luc.[\/vc_column_text][vc_empty_space height=\u00a0\u00bb50px\u00a0\u00bb][vc_column_text]En partenariat avec Musi-Tec, notre plus grande source d\u2019instruments, d\u2019accessoires, d\u2019\u00e9quipements audio et [&hellip;]<\/p>\n","protected":false},"author":13,"featured_media":0,"parent":0,"menu_order":0,"comment_status":"closed","ping_status":"closed","template":"","meta":{"_acf_changed":false,"_et_pb_use_builder":"on","_et_pb_old_content":"[vc_row full_width=\"stretch_row_content\" css=\".vc_custom_1459887181484{margin-top: 0px !important;padding-top: 40px !important;padding-bottom: 40px !important;background-image: url(\/wp-content\/uploads\/2016\/01\/guitare-ok.jpg?id=2226) !important;background-position: center !important;background-repeat: no-repeat !important;background-size: cover !important;}\"][vc_column][vc_row_inner css=\".vc_custom_1452197253907{padding-top: 50px !important;padding-bottom: 50px !important;padding-left: 100px !important;}\"][vc_column_inner][vc_column_text]\r\n<h1><span style=\"color: #ffffff;\">PARTENAIRES<\/span><\/h1>\r\n[\/vc_column_text][\/vc_column_inner][\/vc_row_inner][\/vc_column][\/vc_row][vc_row][vc_column width=\"1\/3\"][vc_empty_space][vc_empty_space][vc_single_image image=\"2443\" img_size=\"medium\"][vc_single_image image=\"2444\" img_size=\"medium\"][vc_single_image image=\"2445\" img_size=\"medium\"][\/vc_column][vc_column width=\"2\/3\"][vc_empty_space height=\"120px\"][vc_column_text]En partenariat avec la ville de <a href=\"http:\/\/www.cotesaintluc.org\/\" target=\"_blank\">C\u00f4te Saint-Luc.<\/a>[\/vc_column_text][vc_empty_space height=\"50px\"][vc_column_text]En partenariat avec <a href=\"http:\/\/musitec.ca\/\" target=\"_blank\">Musi-Tec<\/a>, notre plus grande source d\u2019instruments, d\u2019accessoires, d\u2019\u00e9quipements audio et de services de r\u00e9paration. Situ\u00e9 \u00e0 Dorval, \u00e0 deux pas du boulevard Des Sources.[\/vc_column_text][vc_empty_space height=\"50px\"][vc_column_text]En partenariat avec le <a href=\"#\" target=\"_blank\">Steve\u2019s music store<\/a>, Situ\u00e9 au centre-ville, Steve\u2019s poss\u00e8de une large s\u00e9lection de tout ce dont vous pourriez avoir besoin.[\/vc_column_text][\/vc_column][\/vc_row]","_et_gb_content_width":"","footnotes":""},"class_list":["post-2323","page","type-page","status-publish","hentry"],"acf":[],"yoast_head":"<!-- This site is optimized with the Yoast SEO plugin v27.4 - https:\/\/yoast.com\/product\/yoast-seo-wordpress\/ -->\n<title>Nos partenaires | Acad\u00e9mie de musique WIMA<\/title>\n<meta name=\"description\" content=\"Chez WIMA, nous pensons que l\u2019\u00e9panouissement des musiciens passe par une approche ludique des cours de musique. D\u00e9couvrez nos partenaires!\" \/>\n<meta name=\"robots\" content=\"index, follow, max-snippet:-1, max-image-preview:large, max-video-preview:-1\" \/>\n<link rel=\"canonical\" href=\"https:\/\/westislandmusicacademy.com\/fr\/partenaires\/\" \/>\n<meta property=\"og:locale\" content=\"fr_CA\" \/>\n<meta property=\"og:type\" content=\"article\" \/>\n<meta property=\"og:title\" content=\"Nos partenaires | Acad\u00e9mie de musique WIMA\" \/>\n<meta property=\"og:description\" content=\"Chez WIMA, nous pensons que l\u2019\u00e9panouissement des musiciens passe par une approche ludique des cours de musique. D\u00e9couvrez nos partenaires!\" \/>\n<meta property=\"og:url\" content=\"https:\/\/westislandmusicacademy.com\/fr\/partenaires\/\" \/>\n<meta property=\"og:site_name\" content=\"WIMA - West Island Music Academy\" \/>\n<meta property=\"article:publisher\" content=\"https:\/\/www.facebook.com\/wimarocks\/\" \/>\n<meta property=\"article:modified_time\" content=\"2023-01-03T19:49:30+00:00\" \/>\n<meta name=\"twitter:card\" content=\"summary_large_image\" \/>\n<meta name=\"twitter:label1\" content=\"Estimation du temps de lecture\" \/>\n\t<meta name=\"twitter:data1\" content=\"1 minute\" \/>\n<script type=\"application\/ld+json\" class=\"yoast-schema-graph\">{\"@context\":\"https:\\\/\\\/schema.org\",\"@graph\":[{\"@type\":\"WebPage\",\"@id\":\"https:\\\/\\\/westislandmusicacademy.com\\\/fr\\\/partenaires\\\/\",\"url\":\"https:\\\/\\\/westislandmusicacademy.com\\\/fr\\\/partenaires\\\/\",\"name\":\"Nos partenaires | Acad\u00e9mie de musique WIMA\",\"isPartOf\":{\"@id\":\"https:\\\/\\\/www.westislandmusicacademy.com\\\/fr\\\/#website\"},\"datePublished\":\"2015-12-27T16:43:23+00:00\",\"dateModified\":\"2023-01-03T19:49:30+00:00\",\"description\":\"Chez WIMA, nous pensons que l\u2019\u00e9panouissement des musiciens passe par une approche ludique des cours de musique. D\u00e9couvrez nos partenaires!\",\"breadcrumb\":{\"@id\":\"https:\\\/\\\/westislandmusicacademy.com\\\/fr\\\/partenaires\\\/#breadcrumb\"},\"inLanguage\":\"fr-CA\",\"potentialAction\":[{\"@type\":\"ReadAction\",\"target\":[\"https:\\\/\\\/westislandmusicacademy.com\\\/fr\\\/partenaires\\\/\"]}]},{\"@type\":\"BreadcrumbList\",\"@id\":\"https:\\\/\\\/westislandmusicacademy.com\\\/fr\\\/partenaires\\\/#breadcrumb\",\"itemListElement\":[{\"@type\":\"ListItem\",\"position\":1,\"name\":\"Home\",\"item\":\"https:\\\/\\\/www.westislandmusicacademy.com\\\/fr\\\/\"},{\"@type\":\"ListItem\",\"position\":2,\"name\":\"Nos partenaires\"}]},{\"@type\":\"WebSite\",\"@id\":\"https:\\\/\\\/www.westislandmusicacademy.com\\\/fr\\\/#website\",\"url\":\"https:\\\/\\\/www.westislandmusicacademy.com\\\/fr\\\/\",\"name\":\"WIMA - West Island Music Academy\",\"description\":\"Montreal&#039;s source for guitar, piano, drums, bass and singing lessons. Fun Guaranteed!\",\"publisher\":{\"@id\":\"https:\\\/\\\/www.westislandmusicacademy.com\\\/fr\\\/#organization\"},\"potentialAction\":[{\"@type\":\"SearchAction\",\"target\":{\"@type\":\"EntryPoint\",\"urlTemplate\":\"https:\\\/\\\/www.westislandmusicacademy.com\\\/fr\\\/?s={search_term_string}\"},\"query-input\":{\"@type\":\"PropertyValueSpecification\",\"valueRequired\":true,\"valueName\":\"search_term_string\"}}],\"inLanguage\":\"fr-CA\"},{\"@type\":\"Organization\",\"@id\":\"https:\\\/\\\/www.westislandmusicacademy.com\\\/fr\\\/#organization\",\"name\":\"WIMA - West Island Music Academy\",\"url\":\"https:\\\/\\\/www.westislandmusicacademy.com\\\/fr\\\/\",\"logo\":{\"@type\":\"ImageObject\",\"inLanguage\":\"fr-CA\",\"@id\":\"https:\\\/\\\/www.westislandmusicacademy.com\\\/fr\\\/#\\\/schema\\\/logo\\\/image\\\/\",\"url\":\"https:\\\/\\\/westislandmusicacademy.com\\\/wp-content\\\/uploads\\\/2022\\\/08\\\/wima-transparent-1-300x300-1.png\",\"contentUrl\":\"https:\\\/\\\/westislandmusicacademy.com\\\/wp-content\\\/uploads\\\/2022\\\/08\\\/wima-transparent-1-300x300-1.png\",\"width\":425,\"height\":425,\"caption\":\"WIMA - West Island Music Academy\"},\"image\":{\"@id\":\"https:\\\/\\\/www.westislandmusicacademy.com\\\/fr\\\/#\\\/schema\\\/logo\\\/image\\\/\"},\"sameAs\":[\"https:\\\/\\\/www.facebook.com\\\/wimarocks\\\/\"]}]}<\/script>\n<!-- \/ Yoast SEO plugin. -->","yoast_head_json":{"title":"Nos partenaires | Acad\u00e9mie de musique WIMA","description":"Chez WIMA, nous pensons que l\u2019\u00e9panouissement des musiciens passe par une approche ludique des cours de musique. D\u00e9couvrez nos partenaires!","robots":{"index":"index","follow":"follow","max-snippet":"max-snippet:-1","max-image-preview":"max-image-preview:large","max-video-preview":"max-video-preview:-1"},"canonical":"https:\/\/westislandmusicacademy.com\/fr\/partenaires\/","og_locale":"fr_CA","og_type":"article","og_title":"Nos partenaires | Acad\u00e9mie de musique WIMA","og_description":"Chez WIMA, nous pensons que l\u2019\u00e9panouissement des musiciens passe par une approche ludique des cours de musique. D\u00e9couvrez nos partenaires!","og_url":"https:\/\/westislandmusicacademy.com\/fr\/partenaires\/","og_site_name":"WIMA - West Island Music Academy","article_publisher":"https:\/\/www.facebook.com\/wimarocks\/","article_modified_time":"2023-01-03T19:49:30+00:00","twitter_card":"summary_large_image","twitter_misc":{"Estimation du temps de lecture":"1 minute"},"schema":{"@context":"https:\/\/schema.org","@graph":[{"@type":"WebPage","@id":"https:\/\/westislandmusicacademy.com\/fr\/partenaires\/","url":"https:\/\/westislandmusicacademy.com\/fr\/partenaires\/","name":"Nos partenaires | Acad\u00e9mie de musique WIMA","isPartOf":{"@id":"https:\/\/www.westislandmusicacademy.com\/fr\/#website"},"datePublished":"2015-12-27T16:43:23+00:00","dateModified":"2023-01-03T19:49:30+00:00","description":"Chez WIMA, nous pensons que l\u2019\u00e9panouissement des musiciens passe par une approche ludique des cours de musique. D\u00e9couvrez nos partenaires!","breadcrumb":{"@id":"https:\/\/westislandmusicacademy.com\/fr\/partenaires\/#breadcrumb"},"inLanguage":"fr-CA","potentialAction":[{"@type":"ReadAction","target":["https:\/\/westislandmusicacademy.com\/fr\/partenaires\/"]}]},{"@type":"BreadcrumbList","@id":"https:\/\/westislandmusicacademy.com\/fr\/partenaires\/#breadcrumb","itemListElement":[{"@type":"ListItem","position":1,"name":"Home","item":"https:\/\/www.westislandmusicacademy.com\/fr\/"},{"@type":"ListItem","position":2,"name":"Nos partenaires"}]},{"@type":"WebSite","@id":"https:\/\/www.westislandmusicacademy.com\/fr\/#website","url":"https:\/\/www.westislandmusicacademy.com\/fr\/","name":"WIMA - West Island Music Academy","description":"Montreal&#039;s source for guitar, piano, drums, bass and singing lessons. Fun Guaranteed!","publisher":{"@id":"https:\/\/www.westislandmusicacademy.com\/fr\/#organization"},"potentialAction":[{"@type":"SearchAction","target":{"@type":"EntryPoint","urlTemplate":"https:\/\/www.westislandmusicacademy.com\/fr\/?s={search_term_string}"},"query-input":{"@type":"PropertyValueSpecification","valueRequired":true,"valueName":"search_term_string"}}],"inLanguage":"fr-CA"},{"@type":"Organization","@id":"https:\/\/www.westislandmusicacademy.com\/fr\/#organization","name":"WIMA - West Island Music Academy","url":"https:\/\/www.westislandmusicacademy.com\/fr\/","logo":{"@type":"ImageObject","inLanguage":"fr-CA","@id":"https:\/\/www.westislandmusicacademy.com\/fr\/#\/schema\/logo\/image\/","url":"https:\/\/westislandmusicacademy.com\/wp-content\/uploads\/2022\/08\/wima-transparent-1-300x300-1.png","contentUrl":"https:\/\/westislandmusicacademy.com\/wp-content\/uploads\/2022\/08\/wima-transparent-1-300x300-1.png","width":425,"height":425,"caption":"WIMA - West Island Music Academy"},"image":{"@id":"https:\/\/www.westislandmusicacademy.com\/fr\/#\/schema\/logo\/image\/"},"sameAs":["https:\/\/www.facebook.com\/wimarocks\/"]}]}},"_links":{"self":[{"href":"https:\/\/westislandmusicacademy.com\/fr\/wp-json\/wp\/v2\/pages\/2323","targetHints":{"allow":["GET"]}}],"collection":[{"href":"https:\/\/westislandmusicacademy.com\/fr\/wp-json\/wp\/v2\/pages"}],"about":[{"href":"https:\/\/westislandmusicacademy.com\/fr\/wp-json\/wp\/v2\/types\/page"}],"author":[{"embeddable":true,"href":"https:\/\/westislandmusicacademy.com\/fr\/wp-json\/wp\/v2\/users\/13"}],"replies":[{"embeddable":true,"href":"https:\/\/westislandmusicacademy.com\/fr\/wp-json\/wp\/v2\/comments?post=2323"}],"version-history":[{"count":0,"href":"https:\/\/westislandmusicacademy.com\/fr\/wp-json\/wp\/v2\/pages\/2323\/revisions"}],"wp:attachment":[{"href":"https:\/\/westislandmusicacademy.com\/fr\/wp-json\/wp\/v2\/media?parent=2323"}],"curies":[{"name":"wp","href":"https:\/\/api.w.org\/{rel}","templated":true}]}}