{"id":2394,"date":"2016-04-04T15:36:31","date_gmt":"2016-04-04T15:36:31","guid":{"rendered":"http:\/\/wima.wpengine.com\/fr\/?page_id=2394"},"modified":"2025-09-25T20:39:19","modified_gmt":"2025-09-25T20:39:19","slug":"cours-privesb","status":"publish","type":"page","link":"https:\/\/westislandmusicacademy.com\/fr\/nos-lecons\/cours-privesb\/","title":{"rendered":"COURS PRIV\u00c9S"},"content":{"rendered":"<p>[et_pb_section fb_built=\u00a0\u00bb1&Prime; fullwidth=\u00a0\u00bbon\u00a0\u00bb admin_label=\u00a0\u00bbSection\u00a0\u00bb _builder_version=\u00a0\u00bb4.16&Prime; _module_preset=\u00a0\u00bbdefault\u00a0\u00bb locked=\u00a0\u00bboff\u00a0\u00bb global_colors_info=\u00a0\u00bb{}\u00a0\u00bb][et_pb_fullwidth_header title=\u00a0\u00bbCours de musique priv\u00e9s \u00e0 Montr\u00e9al et l\u2019Ouest de l\u2019\u00cele\u00a0\u00bb _builder_version=\u00a0\u00bb4.27.4&Prime; _module_preset=\u00a0\u00bbdefault\u00a0\u00bb background_image=\u00a0\u00bbhttps:\/\/westislandmusicacademy.com\/wp-content\/uploads\/2016\/01\/guitare-ok.jpg\u00a0\u00bb global_colors_info=\u00a0\u00bb{}\u00a0\u00bb][\/et_pb_fullwidth_header][\/et_pb_section][et_pb_section fb_built=\u00a0\u00bb1&Prime; _builder_version=\u00a0\u00bb4.16&Prime; global_colors_info=\u00a0\u00bb{}\u00a0\u00bb][et_pb_row _builder_version=\u00a0\u00bb4.16&Prime; background_size=\u00a0\u00bbinitial\u00a0\u00bb background_position=\u00a0\u00bbtop_left\u00a0\u00bb background_repeat=\u00a0\u00bbrepeat\u00a0\u00bb global_colors_info=\u00a0\u00bb{}\u00a0\u00bb][et_pb_column type=\u00a0\u00bb4_4&Prime; _builder_version=\u00a0\u00bb4.16&Prime; custom_padding=\u00a0\u00bb|||\u00a0\u00bb global_colors_info=\u00a0\u00bb{}\u00a0\u00bb custom_padding__hover=\u00a0\u00bb|||\u00a0\u00bb][et_pb_text _builder_version=\u00a0\u00bb4.27.4&Prime; background_size=\u00a0\u00bbinitial\u00a0\u00bb background_position=\u00a0\u00bbtop_left\u00a0\u00bb background_repeat=\u00a0\u00bbrepeat\u00a0\u00bb global_colors_info=\u00a0\u00bb{}\u00a0\u00bb]<\/p>\n<h2><b>Cours de musique priv\u00e9s \u00e0 Beaconsfield, Pointe-Claire et C\u00f4te-St-Luc<\/b><\/h2>\n<p><span style=\"font-weight: 400;\"><img loading=\"lazy\" decoding=\"async\" class=\"aligncenter wp-image-3237 size-full\" src=\"https:\/\/westislandmusicacademy.com\/wp-content\/uploads\/2023\/12\/491441-Private-Lessons-1-scaled.jpg\" alt=\"Private-Lessons\" width=\"4272\" height=\"2848\" \/><\/span><\/p>\n<p><span style=\"font-weight: 400;\">Joignez-vous \u00e0 l\u2019Acad\u00e9mie de musique de l\u2019Ouest-de-l\u2019\u00cele (WIMA) et d\u00e9couvrez le plaisir de la musique. WIMA propose des cours de musique priv\u00e9s et individualis\u00e9s incluant un vaste choix d\u2019instruments de musique. Nos professeurs sont des musiciens professionnels d\u00e9sireux de partager leur passion. \u00c0 WIMA, vous trouverez une atmosph\u00e8re d\u00e9tendue et amicale, propice \u00e0 l\u2019apprentissage.<\/span><\/p>\n<h2><b>Votre style musical est un choix personnel<\/b><\/h2>\n<p><span style=\"font-weight: 400;\">C\u2019est un fait que le choix de votre style musical vous appartient. C\u2019est pourquoi chaque \u00e9tudiant en musique peut choisir son propre style musical. Classique, jazz, blues, rock, folk, m\u00e9tal, etc., chez WIMA, nous n\u2019imposons pas de style musical \u00e0 nos \u00e9l\u00e8ves, bien au contraire, nous sommes heureux de les encourager \u00e0 d\u00e9velopper les leurs. Nous incitons les \u00e9tudiants \u00e0 choisir leur propre musique et leurs propres chansons qui seront utilis\u00e9es dans l\u2019enseignement des principes de base de la musique.\u00a0<\/span><\/p>\n<h2><b>Cours de musique priv\u00e9s pour \u00e9tudiants d\u00e9butants, interm\u00e9diaires et avanc\u00e9s de tous \u00e2ges<\/b><\/h2>\n<p><span style=\"font-weight: 400;\">Chez WIMA, nous sommes fiers d\u2019\u00eatre en mesure d\u2019adapter nos cours de musique aux besoins et au rythme d\u2019apprentissage de chaque \u00e9l\u00e8ve. Apr\u00e8s tout, nos \u00e9l\u00e8ves sont uniques et nos m\u00e9thodes d\u2019enseignement devraient l\u2019\u00eatre aussi\u2009; nos professeurs de musique qualifi\u00e9s adaptent leurs m\u00e9thodes d\u2019enseignement \u00e0 chaque besoin individuel. Les professeurs travaillent ensemble avec leurs \u00e9l\u00e8ves, combinant \u00e9ducation musicale et plaisir pour les aider \u00e0 atteindre leurs objectifs.<\/span><\/p>\n<p><span style=\"font-weight: 400;\">Pour en savoir plus sur nos cours de musique priv\u00e9s, consultez nos pages d\u2019information sur les cours de\u00a0:<\/span><\/p>\n<ul>\n<li><span style=\"font-weight: 400;\"><a href=\"https:\/\/westislandmusicacademy.com\/fr\/cours-de-guitare\/\">Guitare<\/a><\/span><\/li>\n<li><a href=\"https:\/\/westislandmusicacademy.com\/fr\/cours-de-batterie\/\">Batterie<\/a><\/li>\n<li><a href=\"https:\/\/westislandmusicacademy.com\/fr\/cours-de-piano\/\">Piano<\/a><\/li>\n<li><a href=\"https:\/\/westislandmusicacademy.com\/fr\/cours-de-guitare-basse\/\">Basse<\/a><\/li>\n<li><a href=\"https:\/\/westislandmusicacademy.com\/fr\/cours-de-flute-2\/\">Flute\/saxophone\/trompette<\/a><\/li>\n<li><a href=\"https:\/\/westislandmusicacademy.com\/fr\/cours-de-violon\/\">Violon<\/a><\/li>\n<li><a href=\"https:\/\/westislandmusicacademy.com\/fr\/cours-de-chant\/\">Chant<\/a><\/li>\n<li><a href=\"https:\/\/westislandmusicacademy.com\/fr\/eveil-musical\/\">\u00c9veil musical<\/a><\/li>\n<\/ul>\n<p>&nbsp;<\/p>\n<p><span style=\"font-weight: 400;\">Saviez-vous que WIMA peut vous aider \u00e0 pr\u00e9parer les examens d\u2019entr\u00e9e au c\u00e9gep et les examens du Conservatoire royal de musique (RCM)\u2009?\u00a0<\/span><\/p>\n<p><span style=\"font-weight: 400;\">Nous offrons \u00e9galement \u00e0 nos \u00e9tudiants la possibilit\u00e9 de participer \u00e0 nos r\u00e9citals bisannuels\u2009! D\u2019autres possibilit\u00e9s de repr\u00e9sentation sont offertes selon la saison.<\/span><\/p>\n<p><span style=\"font-weight: 400;\">Pour plus d\u2019informations ou pour r\u00e9server une le\u00e7on de musique, n\u2019h\u00e9sitez pas \u00e0 nous appeler ou \u00e0 nous contacter \u00e0 l\u2019aide de notre formulaire \u00e9lectronique.<\/span>[\/vc_column_text][vc_column_text]<\/p>\n<h2><span style=\"color: #e25926;\"><strong>HORAIRES<\/strong><\/span><\/h2>\n<p>[\/vc_column_text][vc_column_text]<\/p>\n<h3>AUTOMNE-HIVER-PRINTEMPS<\/h3>\n<p><i><span style=\"font-weight: 400;\">LUNDI \u2013 JEUDI : \u00a014h-21h<\/span><\/i><br \/><i><span style=\"font-weight: 400;\">SAMEDI \u2013 DIMANCHE: \u00a09h-17h<\/span><\/i><\/p>\n<h3>\u00c9T\u00c9<\/h3>\n<h4><strong><span style=\"color: #000080;\"><i>POINTE-CLAIRE<\/i><i>: <\/i><\/span><\/strong><\/h4>\n<p><i><span style=\"font-weight: 400;\">LES MARDIS: 12h-21h<br \/><\/span><\/i><i><span style=\"font-weight: 400;\">LES DIMANCHES: 9h-15h<\/span><\/i><\/p>\n<h4><strong><span style=\"color: #000080;\"><i>COTE SAINT-LUC<\/i>: <\/span><\/strong><\/h4>\n<p><em><span style=\"font-weight: 400;\">LES MERCREDIS<\/span><span style=\"font-weight: 400;\">: 12h-21h<br \/>LES DIMANCHES: 10h-15h<\/span><\/em><\/p>\n<h4><span style=\"color: #000080;\"><em>BEACONSFIELD:<\/em><\/span><\/h4>\n<p>LES JEUDIS: 12h-21h<\/p>\n<p>[\/vc_column_text][vc_column_text]<\/p>\n<h2>L\u2019acad\u00e9mie de Musique de L\u2019ouest de L\u2019\u00eele offrent les cours aux quartiers suivants:<\/h2>\n<h3>L\u2019ouest de L\u2019\u00eele:<\/h3>\n<p>Baie D\u2019Urf\u00e9, Beaconsfield, Dollard-des-Ormeaux, Dorion, Dorval, Hudson, \u00cele Bizard, \u00cele Perrot, Kirkland, Lakeshore, Pierrefonds, Pincourt, Pointe-Claire, Roxboro, Sainte-Genevi\u00e8ve, St. Anne de Bellevue, St. Lazare, Vaudreuil<\/p>\n<h3>C\u00f4te Saint-Luc:<\/h3>\n<p>C\u00f4te-des-Neiges, C\u00f4te Saint-Luc, Hampstead, Lachine, LaSalle, Montreal-Ouest, Notre-Dame de Gr\u00e2ce, Saint-Laurent, Snowdon, Ville Mont-Royal, Westmount[\/vc_column_text][\/vc_column][\/vc_row][vc_row][vc_column][vc_cta h2=\u00a0\u00bb\u00a0\u00bb txt_align=\u00a0\u00bbcenter\u00a0\u00bb]<\/p>\n<h3 style=\"text-align: center;\">Si vous avez des questions ou voulez inscrire au cours de musique, appelez-nous maintenant au <a href=\"tel:514-505-6606\">514-505-6606<\/a> ou <a href=\"\/fr\/contactez-nous\/\">contactez-nous ici.<\/a><\/h3>\n<p>[\/vc_cta][\/vc_column][\/vc_row]<\/p>\n<p>&nbsp;<\/p>\n<p>[yasr_visitor_votes size=\u201dmedium\u201d]<\/p>\n<p>&nbsp;<\/p>\n<p>[\/et_pb_text][\/et_pb_column][\/et_pb_row][\/et_pb_section]<\/p>\n","protected":false},"excerpt":{"rendered":"<p>Cours de musique priv\u00e9s \u00e0 Beaconsfield, Pointe-Claire et C\u00f4te-St-Luc Joignez-vous \u00e0 l\u2019Acad\u00e9mie de musique de l\u2019Ouest-de-l\u2019\u00cele (WIMA) et d\u00e9couvrez le plaisir de la musique. WIMA propose des cours de musique priv\u00e9s et individualis\u00e9s incluant un vaste choix d\u2019instruments de musique. Nos professeurs sont des musiciens professionnels d\u00e9sireux de partager leur passion. \u00c0 WIMA, vous trouverez [&hellip;]<\/p>\n","protected":false},"author":13,"featured_media":0,"parent":5291,"menu_order":0,"comment_status":"closed","ping_status":"closed","template":"","meta":{"_acf_changed":false,"_et_pb_use_builder":"on","_et_pb_old_content":"","_et_gb_content_width":"","footnotes":""},"class_list":["post-2394","page","type-page","status-publish","hentry"],"acf":[],"yoast_head":"<!-- This site is optimized with the Yoast SEO plugin v27.4 - https:\/\/yoast.com\/product\/yoast-seo-wordpress\/ -->\n<title>Cours priv\u00e9s de musique \u00e0 Montr\u00e9al | West Island Music Academy<\/title>\n<meta name=\"description\" content=\"Suivez des cours priv\u00e9s de musique \u00e0 Montr\u00e9al. Apprentissage personnalis\u00e9 pour piano, guitare, chant, batterie et plus \u00e0 WIMA\" \/>\n<meta name=\"robots\" content=\"index, follow, max-snippet:-1, max-image-preview:large, max-video-preview:-1\" \/>\n<link rel=\"canonical\" href=\"https:\/\/westislandmusicacademy.com\/fr\/nos-lecons\/cours-privesb\/\" \/>\n<meta property=\"og:locale\" content=\"fr_CA\" \/>\n<meta property=\"og:type\" content=\"article\" \/>\n<meta property=\"og:title\" content=\"Cours priv\u00e9s de musique \u00e0 Montr\u00e9al | West Island Music Academy\" \/>\n<meta property=\"og:description\" content=\"Suivez des cours priv\u00e9s de musique \u00e0 Montr\u00e9al. Apprentissage personnalis\u00e9 pour piano, guitare, chant, batterie et plus \u00e0 WIMA\" \/>\n<meta property=\"og:url\" content=\"https:\/\/westislandmusicacademy.com\/fr\/nos-lecons\/cours-privesb\/\" \/>\n<meta property=\"og:site_name\" content=\"WIMA - West Island Music Academy\" \/>\n<meta property=\"article:publisher\" content=\"https:\/\/www.facebook.com\/wimarocks\/\" \/>\n<meta property=\"article:modified_time\" content=\"2025-09-25T20:39:19+00:00\" \/>\n<meta property=\"og:image\" content=\"https:\/\/westislandmusicacademy.com\/wp-content\/uploads\/2023\/12\/491441-Private-Lessons-1-scaled.jpg\" \/>\n<meta name=\"twitter:card\" content=\"summary_large_image\" \/>\n<meta name=\"twitter:label1\" content=\"Estimation du temps de lecture\" \/>\n\t<meta name=\"twitter:data1\" content=\"3 minutes\" \/>\n<script type=\"application\/ld+json\" class=\"yoast-schema-graph\">{\"@context\":\"https:\\\/\\\/schema.org\",\"@graph\":[{\"@type\":\"WebPage\",\"@id\":\"https:\\\/\\\/westislandmusicacademy.com\\\/fr\\\/nos-lecons\\\/cours-privesb\\\/\",\"url\":\"https:\\\/\\\/westislandmusicacademy.com\\\/fr\\\/nos-lecons\\\/cours-privesb\\\/\",\"name\":\"Cours priv\u00e9s de musique \u00e0 Montr\u00e9al | West Island Music Academy\",\"isPartOf\":{\"@id\":\"https:\\\/\\\/www.westislandmusicacademy.com\\\/fr\\\/#website\"},\"primaryImageOfPage\":{\"@id\":\"https:\\\/\\\/westislandmusicacademy.com\\\/fr\\\/nos-lecons\\\/cours-privesb\\\/#primaryimage\"},\"image\":{\"@id\":\"https:\\\/\\\/westislandmusicacademy.com\\\/fr\\\/nos-lecons\\\/cours-privesb\\\/#primaryimage\"},\"thumbnailUrl\":\"https:\\\/\\\/westislandmusicacademy.com\\\/wp-content\\\/uploads\\\/2023\\\/12\\\/491441-Private-Lessons-1-scaled.jpg\",\"datePublished\":\"2016-04-04T15:36:31+00:00\",\"dateModified\":\"2025-09-25T20:39:19+00:00\",\"description\":\"Suivez des cours priv\u00e9s de musique \u00e0 Montr\u00e9al. Apprentissage personnalis\u00e9 pour piano, guitare, chant, batterie et plus \u00e0 WIMA\",\"breadcrumb\":{\"@id\":\"https:\\\/\\\/westislandmusicacademy.com\\\/fr\\\/nos-lecons\\\/cours-privesb\\\/#breadcrumb\"},\"inLanguage\":\"fr-CA\",\"potentialAction\":[{\"@type\":\"ReadAction\",\"target\":[\"https:\\\/\\\/westislandmusicacademy.com\\\/fr\\\/nos-lecons\\\/cours-privesb\\\/\"]}]},{\"@type\":\"ImageObject\",\"inLanguage\":\"fr-CA\",\"@id\":\"https:\\\/\\\/westislandmusicacademy.com\\\/fr\\\/nos-lecons\\\/cours-privesb\\\/#primaryimage\",\"url\":\"https:\\\/\\\/westislandmusicacademy.com\\\/wp-content\\\/uploads\\\/2023\\\/12\\\/491441-Private-Lessons-1-scaled.jpg\",\"contentUrl\":\"https:\\\/\\\/westislandmusicacademy.com\\\/wp-content\\\/uploads\\\/2023\\\/12\\\/491441-Private-Lessons-1-scaled.jpg\"},{\"@type\":\"BreadcrumbList\",\"@id\":\"https:\\\/\\\/westislandmusicacademy.com\\\/fr\\\/nos-lecons\\\/cours-privesb\\\/#breadcrumb\",\"itemListElement\":[{\"@type\":\"ListItem\",\"position\":1,\"name\":\"Home\",\"item\":\"https:\\\/\\\/www.westislandmusicacademy.com\\\/fr\\\/\"},{\"@type\":\"ListItem\",\"position\":2,\"name\":\"Nos le\u00e7ons\",\"item\":\"https:\\\/\\\/www.westislandmusicacademy.com\\\/fr\\\/nos-lecons\\\/\"},{\"@type\":\"ListItem\",\"position\":3,\"name\":\"COURS PRIV\u00c9S\"}]},{\"@type\":\"WebSite\",\"@id\":\"https:\\\/\\\/www.westislandmusicacademy.com\\\/fr\\\/#website\",\"url\":\"https:\\\/\\\/www.westislandmusicacademy.com\\\/fr\\\/\",\"name\":\"WIMA - West Island Music Academy\",\"description\":\"Montreal&#039;s source for guitar, piano, drums, bass and singing lessons. Fun Guaranteed!\",\"publisher\":{\"@id\":\"https:\\\/\\\/www.westislandmusicacademy.com\\\/fr\\\/#organization\"},\"potentialAction\":[{\"@type\":\"SearchAction\",\"target\":{\"@type\":\"EntryPoint\",\"urlTemplate\":\"https:\\\/\\\/www.westislandmusicacademy.com\\\/fr\\\/?s={search_term_string}\"},\"query-input\":{\"@type\":\"PropertyValueSpecification\",\"valueRequired\":true,\"valueName\":\"search_term_string\"}}],\"inLanguage\":\"fr-CA\"},{\"@type\":\"Organization\",\"@id\":\"https:\\\/\\\/www.westislandmusicacademy.com\\\/fr\\\/#organization\",\"name\":\"WIMA - West Island Music Academy\",\"url\":\"https:\\\/\\\/www.westislandmusicacademy.com\\\/fr\\\/\",\"logo\":{\"@type\":\"ImageObject\",\"inLanguage\":\"fr-CA\",\"@id\":\"https:\\\/\\\/www.westislandmusicacademy.com\\\/fr\\\/#\\\/schema\\\/logo\\\/image\\\/\",\"url\":\"https:\\\/\\\/westislandmusicacademy.com\\\/wp-content\\\/uploads\\\/2022\\\/08\\\/wima-transparent-1-300x300-1.png\",\"contentUrl\":\"https:\\\/\\\/westislandmusicacademy.com\\\/wp-content\\\/uploads\\\/2022\\\/08\\\/wima-transparent-1-300x300-1.png\",\"width\":425,\"height\":425,\"caption\":\"WIMA - West Island Music Academy\"},\"image\":{\"@id\":\"https:\\\/\\\/www.westislandmusicacademy.com\\\/fr\\\/#\\\/schema\\\/logo\\\/image\\\/\"},\"sameAs\":[\"https:\\\/\\\/www.facebook.com\\\/wimarocks\\\/\"]}]}<\/script>\n<!-- \/ Yoast SEO plugin. -->","yoast_head_json":{"title":"Cours priv\u00e9s de musique \u00e0 Montr\u00e9al | West Island Music Academy","description":"Suivez des cours priv\u00e9s de musique \u00e0 Montr\u00e9al. Apprentissage personnalis\u00e9 pour piano, guitare, chant, batterie et plus \u00e0 WIMA","robots":{"index":"index","follow":"follow","max-snippet":"max-snippet:-1","max-image-preview":"max-image-preview:large","max-video-preview":"max-video-preview:-1"},"canonical":"https:\/\/westislandmusicacademy.com\/fr\/nos-lecons\/cours-privesb\/","og_locale":"fr_CA","og_type":"article","og_title":"Cours priv\u00e9s de musique \u00e0 Montr\u00e9al | West Island Music Academy","og_description":"Suivez des cours priv\u00e9s de musique \u00e0 Montr\u00e9al. Apprentissage personnalis\u00e9 pour piano, guitare, chant, batterie et plus \u00e0 WIMA","og_url":"https:\/\/westislandmusicacademy.com\/fr\/nos-lecons\/cours-privesb\/","og_site_name":"WIMA - West Island Music Academy","article_publisher":"https:\/\/www.facebook.com\/wimarocks\/","article_modified_time":"2025-09-25T20:39:19+00:00","og_image":[{"url":"https:\/\/westislandmusicacademy.com\/wp-content\/uploads\/2023\/12\/491441-Private-Lessons-1-scaled.jpg","type":"","width":"","height":""}],"twitter_card":"summary_large_image","twitter_misc":{"Estimation du temps de lecture":"3 minutes"},"schema":{"@context":"https:\/\/schema.org","@graph":[{"@type":"WebPage","@id":"https:\/\/westislandmusicacademy.com\/fr\/nos-lecons\/cours-privesb\/","url":"https:\/\/westislandmusicacademy.com\/fr\/nos-lecons\/cours-privesb\/","name":"Cours priv\u00e9s de musique \u00e0 Montr\u00e9al | West Island Music Academy","isPartOf":{"@id":"https:\/\/www.westislandmusicacademy.com\/fr\/#website"},"primaryImageOfPage":{"@id":"https:\/\/westislandmusicacademy.com\/fr\/nos-lecons\/cours-privesb\/#primaryimage"},"image":{"@id":"https:\/\/westislandmusicacademy.com\/fr\/nos-lecons\/cours-privesb\/#primaryimage"},"thumbnailUrl":"https:\/\/westislandmusicacademy.com\/wp-content\/uploads\/2023\/12\/491441-Private-Lessons-1-scaled.jpg","datePublished":"2016-04-04T15:36:31+00:00","dateModified":"2025-09-25T20:39:19+00:00","description":"Suivez des cours priv\u00e9s de musique \u00e0 Montr\u00e9al. Apprentissage personnalis\u00e9 pour piano, guitare, chant, batterie et plus \u00e0 WIMA","breadcrumb":{"@id":"https:\/\/westislandmusicacademy.com\/fr\/nos-lecons\/cours-privesb\/#breadcrumb"},"inLanguage":"fr-CA","potentialAction":[{"@type":"ReadAction","target":["https:\/\/westislandmusicacademy.com\/fr\/nos-lecons\/cours-privesb\/"]}]},{"@type":"ImageObject","inLanguage":"fr-CA","@id":"https:\/\/westislandmusicacademy.com\/fr\/nos-lecons\/cours-privesb\/#primaryimage","url":"https:\/\/westislandmusicacademy.com\/wp-content\/uploads\/2023\/12\/491441-Private-Lessons-1-scaled.jpg","contentUrl":"https:\/\/westislandmusicacademy.com\/wp-content\/uploads\/2023\/12\/491441-Private-Lessons-1-scaled.jpg"},{"@type":"BreadcrumbList","@id":"https:\/\/westislandmusicacademy.com\/fr\/nos-lecons\/cours-privesb\/#breadcrumb","itemListElement":[{"@type":"ListItem","position":1,"name":"Home","item":"https:\/\/www.westislandmusicacademy.com\/fr\/"},{"@type":"ListItem","position":2,"name":"Nos le\u00e7ons","item":"https:\/\/www.westislandmusicacademy.com\/fr\/nos-lecons\/"},{"@type":"ListItem","position":3,"name":"COURS PRIV\u00c9S"}]},{"@type":"WebSite","@id":"https:\/\/www.westislandmusicacademy.com\/fr\/#website","url":"https:\/\/www.westislandmusicacademy.com\/fr\/","name":"WIMA - West Island Music Academy","description":"Montreal&#039;s source for guitar, piano, drums, bass and singing lessons. Fun Guaranteed!","publisher":{"@id":"https:\/\/www.westislandmusicacademy.com\/fr\/#organization"},"potentialAction":[{"@type":"SearchAction","target":{"@type":"EntryPoint","urlTemplate":"https:\/\/www.westislandmusicacademy.com\/fr\/?s={search_term_string}"},"query-input":{"@type":"PropertyValueSpecification","valueRequired":true,"valueName":"search_term_string"}}],"inLanguage":"fr-CA"},{"@type":"Organization","@id":"https:\/\/www.westislandmusicacademy.com\/fr\/#organization","name":"WIMA - West Island Music Academy","url":"https:\/\/www.westislandmusicacademy.com\/fr\/","logo":{"@type":"ImageObject","inLanguage":"fr-CA","@id":"https:\/\/www.westislandmusicacademy.com\/fr\/#\/schema\/logo\/image\/","url":"https:\/\/westislandmusicacademy.com\/wp-content\/uploads\/2022\/08\/wima-transparent-1-300x300-1.png","contentUrl":"https:\/\/westislandmusicacademy.com\/wp-content\/uploads\/2022\/08\/wima-transparent-1-300x300-1.png","width":425,"height":425,"caption":"WIMA - West Island Music Academy"},"image":{"@id":"https:\/\/www.westislandmusicacademy.com\/fr\/#\/schema\/logo\/image\/"},"sameAs":["https:\/\/www.facebook.com\/wimarocks\/"]}]}},"_links":{"self":[{"href":"https:\/\/westislandmusicacademy.com\/fr\/wp-json\/wp\/v2\/pages\/2394","targetHints":{"allow":["GET"]}}],"collection":[{"href":"https:\/\/westislandmusicacademy.com\/fr\/wp-json\/wp\/v2\/pages"}],"about":[{"href":"https:\/\/westislandmusicacademy.com\/fr\/wp-json\/wp\/v2\/types\/page"}],"author":[{"embeddable":true,"href":"https:\/\/westislandmusicacademy.com\/fr\/wp-json\/wp\/v2\/users\/13"}],"replies":[{"embeddable":true,"href":"https:\/\/westislandmusicacademy.com\/fr\/wp-json\/wp\/v2\/comments?post=2394"}],"version-history":[{"count":1,"href":"https:\/\/westislandmusicacademy.com\/fr\/wp-json\/wp\/v2\/pages\/2394\/revisions"}],"predecessor-version":[{"id":13590,"href":"https:\/\/westislandmusicacademy.com\/fr\/wp-json\/wp\/v2\/pages\/2394\/revisions\/13590"}],"up":[{"embeddable":true,"href":"https:\/\/westislandmusicacademy.com\/fr\/wp-json\/wp\/v2\/pages\/5291"}],"wp:attachment":[{"href":"https:\/\/westislandmusicacademy.com\/fr\/wp-json\/wp\/v2\/media?parent=2394"}],"curies":[{"name":"wp","href":"https:\/\/api.w.org\/{rel}","templated":true}]}}