{"id":3481,"date":"2020-12-22T16:26:53","date_gmt":"2020-12-22T16:26:53","guid":{"rendered":"http:\/\/99.79.69.46\/fr\/?page_id=3481"},"modified":"2025-07-03T07:04:26","modified_gmt":"2025-07-03T07:04:26","slug":"cours-de-musique-pointe-claire","status":"publish","type":"page","link":"https:\/\/westislandmusicacademy.com\/fr\/cours-de-musique-pointe-claire\/","title":{"rendered":"Cours de musique \u00e0 Pointe-Claire"},"content":{"rendered":"<p>[et_pb_section fb_built=\u00a0\u00bb1&Prime; _builder_version=\u00a0\u00bb4.16&Prime; global_colors_info=\u00a0\u00bb{}\u00a0\u00bb][et_pb_row _builder_version=\u00a0\u00bb4.16&Prime; background_size=\u00a0\u00bbinitial\u00a0\u00bb background_position=\u00a0\u00bbtop_left\u00a0\u00bb background_repeat=\u00a0\u00bbrepeat\u00a0\u00bb global_colors_info=\u00a0\u00bb{}\u00a0\u00bb][et_pb_column type=\u00a0\u00bb4_4&Prime; _builder_version=\u00a0\u00bb4.16&Prime; custom_padding=\u00a0\u00bb|||\u00a0\u00bb global_colors_info=\u00a0\u00bb{}\u00a0\u00bb custom_padding__hover=\u00a0\u00bb|||\u00a0\u00bb][et_pb_text _builder_version=\u00a0\u00bb4.16&Prime; background_size=\u00a0\u00bbinitial\u00a0\u00bb background_position=\u00a0\u00bbtop_left\u00a0\u00bb background_repeat=\u00a0\u00bbrepeat\u00a0\u00bb global_colors_info=\u00a0\u00bb{}\u00a0\u00bb]<\/p>\n<h1>[vc_row full_width=\u00a0\u00bbstretch_row_content\u00a0\u00bb css=\u00a0\u00bb.vc_custom_1459886489115{margin-top: 0px !important;padding-top: 40px !important;padding-bottom: 40px !important;background-image: url(\/wp-content\/uploads\/2016\/01\/guitare-ok.jpg?id=2226) !important;background-position: center !important;background-repeat: no-repeat !important;background-size: cover !important;}\u00a0\u00bb][vc_column][vc_row_inner css=\u00a0\u00bb.vc_custom_1452197253907{padding-top: 50px !important;padding-bottom: 50px !important;padding-left: 100px !important;}\u00a0\u00bb][vc_column_inner][vc_column_text]<span style=\"color: #ffffff; font-size: 32px; font-family: Oswald, sans-serif; font-weight: bold; line-height: 51.2px;\">Cours de musique \u00e0 Pointe-Claire<\/span>[\/vc_column_text][\/vc_column_inner][\/vc_row_inner][\/vc_column][\/vc_row][vc_row][vc_column]<\/h1>\n<p><span style=\"font-weight: 400;\">Vous voulez suivre des cours de musique \u00e0 Pointe-Claire? Quel que soit votre niveau de comp\u00e9tence, tout le monde est bienvenu \u00e0 notre \u00e9cole de musique! Des guitaristes aux saxophonistes en passant par les aspirants rock stars, les professeurs chevronn\u00e9s de l&rsquo;Acad\u00e9mie de musique de l&rsquo;Ouest-de-l&rsquo;\u00cele ont h\u00e2te de vous guider dans votre parcours musical.<\/span><\/p>\n<p><span style=\"font-weight: 400;\">Nos \u00e9tudiants viennent de partout \u00e0 Montr\u00e9al et dans l&rsquo;Ouest-de-l&rsquo;\u00cele pour des cours de musique \u00e0 Pointe-Claire de qualit\u00e9 sup\u00e9rieure. Nous avons \u00e9galement commenc\u00e9 \u00e0 offrir des cours de musique en ligne afin de respecter les r\u00e8gles de distanciation sociale. Nous nous assurons ainsi que chaque \u00e9l\u00e8ve puisse apprendre \u00e0 jouer d&rsquo;un instrument dans un environnement s\u00fbr et confortable.<\/span><\/p>\n<p><span style=\"font-weight: 400;\">WIMA Pointe-Claire<\/span><span style=\"font-weight: 400;\"><br \/>\n<\/span><span style=\"font-weight: 400;\">222 Blvd Brunswick<\/span><span style=\"font-weight: 400;\"><br \/>\n<\/span><span style=\"font-weight: 400;\">Pointe-Claire, QC, H9R 1A6<\/span><span style=\"font-weight: 400;\"><br \/>\n<\/span><span style=\"font-weight: 400;\">514-505-6606<\/span><span style=\"font-weight: 400;\"><br \/>\n<\/span>Info@wima.ca<\/p>\n<p>[thumbnail target=\u00a0\u00bb_self\u00a0\u00bb alt=\u00a0\u00bbCours de musique \u00e0 Pointe-Claire\u00a0\u00bb src=\u00a0\u00bbhttps:\/\/westislandmusicacademy.com\/wp-content\/uploads\/2020\/12\/music-lessons-pointe-claire-1024&#215;686.jpg\u00a0\u00bb]<\/p>\n<p>&nbsp;<\/p>\n<h2>Quels instruments puis-je apprendre \u00e0 WIMA ?<\/h2>\n<p><span style=\"font-weight: 400;\">Les professeurs de musique de WIMA offrent des cours pour presque tous les instruments de musique. Voici une liste compl\u00e8te des cours de musique \u00e0 Pointe-Claire que nous proposons (cours \u00e9galement disponibles en ligne).<\/span><\/p>\n<ul>\n<li style=\"font-weight: 400;\"><a href=\"https:\/\/westislandmusicacademy.com\/fr\/cours-de-guitare\/\"><span style=\"font-weight: 400;\">Cours de guitare<\/span><\/a><\/li>\n<li style=\"font-weight: 400;\"><a href=\"https:\/\/westislandmusicacademy.com\/fr\/cours-de-piano\/\"><span style=\"font-weight: 400;\">Cours de piano<\/span><\/a><\/li>\n<li style=\"font-weight: 400;\"><a href=\"https:\/\/westislandmusicacademy.com\/fr\/cours-de-batterie\/\"><span style=\"font-weight: 400;\">Le\u00e7ons de batterie<\/span><\/a><\/li>\n<li style=\"font-weight: 400;\"><a href=\"https:\/\/westislandmusicacademy.com\/fr\/cours-de-chant\/\"><span style=\"font-weight: 400;\">Cours de chant<\/span><\/a><\/li>\n<li style=\"font-weight: 400;\"><a href=\"https:\/\/westislandmusicacademy.com\/fr\/cours-de-guitare-basse\/\"><span style=\"font-weight: 400;\">Le\u00e7ons de basse<\/span><\/a><\/li>\n<li style=\"font-weight: 400;\"><a href=\"https:\/\/westislandmusicacademy.com\/fr\/cours-de-flute-2\/\"><span style=\"font-weight: 400;\">Cours de fl\u00fbte<\/span><\/a><\/li>\n<li style=\"font-weight: 400;\"><a href=\"https:\/\/westislandmusicacademy.com\/fr\/cours-de-violon\/\"><span style=\"font-weight: 400;\">Cours de violon<\/span><\/a><\/li>\n<\/ul>\n<p><span style=\"font-weight: 400;\">Nous proposons \u00e9galement des cours de musique \u00e0 Pointe-Claire sp\u00e9cialis\u00e9s pour diff\u00e9rents groupes d&rsquo;\u00e2ge et int\u00e9r\u00eats. Notre mission est de permettre \u00e0 chaque \u00e9tudiant de d\u00e9velopper sa cr\u00e9ativit\u00e9 et de prendre plaisir \u00e0 jouer d\u2019un instrument de musique.<\/span><\/p>\n<h3><span style=\"font-weight: 400;\">Cours pour groupes de rock<\/span><\/h3>\n<p><span style=\"font-weight: 400;\">Ce programme apprend aux \u00e9l\u00e8ves \u00e0 former un groupe de musique et \u00e0 se produire en \u00e9quipe! Les \u00e9l\u00e8ves sont regroup\u00e9s avec d&rsquo;autres joueurs de niveau similaire ou avec leurs groupes existants. Notre cours de Rock Band Junior est con\u00e7u pour les musiciens \u00e2g\u00e9s de 6 \u00e0 9 ans, tandis que Rock Band PRO est destin\u00e9 aux jeunes de 10 \u00e0 18 ans ayant au moins 2 ans d&rsquo;exp\u00e9rience.<\/span><\/p>\n<h3><span style=\"font-weight: 400;\">\u00c9veil musical<\/span><\/h3>\n<p><span style=\"font-weight: 400;\">Immergez votre enfant dans un environnement riche et dynamique et faites-lui d\u00e9couvrir le monde merveilleux de la musique d\u00e8s son plus jeune \u00e2ge. Nos activit\u00e9s Maman et moi sont con\u00e7ues pour les enfants de 9 \u00e0 18 mois. Notre programme Petits musiciens s&rsquo;adresse aux enfants de 18 mois \u00e0 3 ans. Nous proposons \u00e9galement un programme de niveau pr\u00e9-K pour les enfants de 3 \u00e0 4 ans.<\/span><\/p>\n<h3><span style=\"font-weight: 400;\">Camp Rock<\/span><\/h3>\n<p><span style=\"font-weight: 400;\">L&rsquo;\u00e9cole est finie et la musique est \u00e0 la mode ! Le programme Camp Rock de WIMA se d\u00e9roule pendant les vacances de mars et les vacances d&rsquo;\u00e9t\u00e9, donnant aux enfants la possibilit\u00e9 de vivre comme une rock star en herbe.<\/span><\/p>\n<p><span style=\"font-weight: 400;\">Pendant l&rsquo;\u00e9t\u00e9, les campeurs peuvent rejoindre un groupe, apprendre les ficelles du m\u00e9tier aupr\u00e8s de musiciens professionnels, enregistrer leurs morceaux dans un studio professionnel, cr\u00e9er un clip vid\u00e9o et jouer un spectacle enregistr\u00e9 en direct avec leurs camarades. Pendant la semaine de vacances de mars, les \u00e9l\u00e8ves s&rsquo;\u00e9clateront en jouant avec leur groupe, en d\u00e9couvrant diff\u00e9rents genres de musique et en apprenant \u00e0 diriger et \u00e0 travailler en \u00e9quipe.<\/span><\/p>\n<h2>Comment fonctionnent les cours de musique en ligne ?<\/h2>\n<p><span style=\"font-weight: 400;\">De nos jours, la plupart des gens passent plus de temps \u00e0 la maison qu&rsquo;\u00e0 l&rsquo;ordinaire. Il n&rsquo;y a donc jamais eu de meilleur moment pour prendre un nouvel instrument ou se lancer dans un vieux passe-temps.<\/span><\/p>\n<p><span style=\"font-weight: 400;\">Les le\u00e7ons en ligne se d\u00e9roulent dans le confort de la maison gr\u00e2ce \u00e0 la technologie de la vid\u00e9oconf\u00e9rence, de sorte que les \u00e9l\u00e8ves doivent avoir leur propre mat\u00e9riel \u00e0 port\u00e9e de main. Ils recevront un lien vers une salle de r\u00e9union s\u00e9curis\u00e9e avant le d\u00e9but de chaque le\u00e7on, puis la session se d\u00e9roulera comme en personne. L&rsquo;enseignement virtuel est tout aussi efficace qu&rsquo;un enseignement en face \u00e0 face, vous pourrez donc profiter de la m\u00eame exp\u00e9rience riche o\u00f9 que vous soyez.<\/span><\/p>\n<p>&nbsp;<\/p>\n<p><iframe loading=\"lazy\" style=\"border: 0;\" tabindex=\"0\" src=\"https:\/\/www.google.com\/maps\/embed?pb=!1m18!1m12!1m3!1d22389.032437123464!2d-73.8379105310701!3d45.457130662438985!2m3!1f0!2f0!3f0!3m2!1i1024!2i768!4f13.1!3m3!1m2!1s0x4cc93c7b0670a42b%3A0xd5c68ef51109cfd9!2s%F0%9F%8E%B5%20West%20Island%20Music%20Academy%20-%20WIMA!5e0!3m2!1sfr!2sca!4v1608227442436!5m2!1sfr!2sca\" width=\"600\" height=\"450\" frameborder=\"0\" allowfullscreen=\"allowfullscreen\" aria-hidden=\"false\" data-mce-fragment=\"1\"><\/iframe><\/p>\n<p>&nbsp;<\/p>\n<p>[yasr_visitor_votes size=\u00a0\u00bbmedium\u00a0\u00bb][\/et_pb_text][\/et_pb_column][\/et_pb_row][\/et_pb_section]<\/p>\n","protected":false},"excerpt":{"rendered":"<p>[vc_row full_width=\u00a0\u00bbstretch_row_content\u00a0\u00bb css=\u00a0\u00bb.vc_custom_1459886489115{margin-top: 0px !important;padding-top: 40px !important;padding-bottom: 40px !important;background-image: url(\/wp-content\/uploads\/2016\/01\/guitare-ok.jpg?id=2226) !important;background-position: center !important;background-repeat: no-repeat !important;background-size: cover !important;}\u00a0\u00bb][vc_column][vc_row_inner css=\u00a0\u00bb.vc_custom_1452197253907{padding-top: 50px !important;padding-bottom: 50px !important;padding-left: 100px !important;}\u00a0\u00bb][vc_column_inner][vc_column_text]Cours de musique \u00e0 Pointe-Claire[\/vc_column_text][\/vc_column_inner][\/vc_row_inner][\/vc_column][\/vc_row][vc_row][vc_column] Vous voulez suivre des cours de musique \u00e0 Pointe-Claire? Quel que soit votre niveau de comp\u00e9tence, tout le monde est bienvenu \u00e0 notre \u00e9cole de musique! Des [&hellip;]<\/p>\n","protected":false},"author":13,"featured_media":0,"parent":0,"menu_order":0,"comment_status":"closed","ping_status":"closed","template":"","meta":{"_acf_changed":false,"_et_pb_use_builder":"on","_et_pb_old_content":"","_et_gb_content_width":"","footnotes":""},"class_list":["post-3481","page","type-page","status-publish","hentry"],"acf":[],"yoast_head":"<!-- This site is optimized with the Yoast SEO plugin v27.4 - https:\/\/yoast.com\/product\/yoast-seo-wordpress\/ -->\n<title>Cours de musique \u00e0 Pointe-Claire | Acad\u00e9mie de musique WIMA<\/title>\n<meta name=\"description\" content=\"WIMA offre des cours de musique \u00e0 Pointe-Claire qui s&#039;adaptent au rythme de tous les \u00e9tudiants, quel que soit leur niveau. Contactez-nous pour en savoir plus !\" \/>\n<meta name=\"robots\" content=\"index, follow, max-snippet:-1, max-image-preview:large, max-video-preview:-1\" \/>\n<link rel=\"canonical\" href=\"https:\/\/westislandmusicacademy.com\/fr\/contactez-nous-2\/cours-de-musique-pointe-claire\/\" \/>\n<meta property=\"og:locale\" content=\"fr_CA\" \/>\n<meta property=\"og:type\" content=\"article\" \/>\n<meta property=\"og:title\" content=\"Cours de musique \u00e0 Pointe-Claire | Acad\u00e9mie de musique WIMA\" \/>\n<meta property=\"og:description\" content=\"WIMA offre des cours de musique \u00e0 Pointe-Claire qui s&#039;adaptent au rythme de tous les \u00e9tudiants, quel que soit leur niveau. Contactez-nous pour en savoir plus !\" \/>\n<meta property=\"og:url\" content=\"https:\/\/westislandmusicacademy.com\/fr\/contactez-nous-2\/cours-de-musique-pointe-claire\/\" \/>\n<meta property=\"og:site_name\" content=\"WIMA - West Island Music Academy\" \/>\n<meta property=\"article:publisher\" content=\"https:\/\/www.facebook.com\/wimarocks\/\" \/>\n<meta property=\"article:modified_time\" content=\"2025-07-03T07:04:26+00:00\" \/>\n<meta name=\"twitter:card\" content=\"summary_large_image\" \/>\n<meta name=\"twitter:label1\" content=\"Estimation du temps de lecture\" \/>\n\t<meta name=\"twitter:data1\" content=\"3 minutes\" \/>\n<script type=\"application\/ld+json\" class=\"yoast-schema-graph\">{\"@context\":\"https:\\\/\\\/schema.org\",\"@graph\":[{\"@type\":\"WebPage\",\"@id\":\"https:\\\/\\\/westislandmusicacademy.com\\\/fr\\\/cours-de-musique-pointe-claire\\\/\",\"url\":\"https:\\\/\\\/westislandmusicacademy.com\\\/fr\\\/contactez-nous-2\\\/cours-de-musique-pointe-claire\\\/\",\"name\":\"Cours de musique \u00e0 Pointe-Claire | Acad\u00e9mie de musique WIMA\",\"isPartOf\":{\"@id\":\"https:\\\/\\\/www.westislandmusicacademy.com\\\/fr\\\/#website\"},\"datePublished\":\"2020-12-22T16:26:53+00:00\",\"dateModified\":\"2025-07-03T07:04:26+00:00\",\"description\":\"WIMA offre des cours de musique \u00e0 Pointe-Claire qui s'adaptent au rythme de tous les \u00e9tudiants, quel que soit leur niveau. Contactez-nous pour en savoir plus !\",\"breadcrumb\":{\"@id\":\"https:\\\/\\\/westislandmusicacademy.com\\\/fr\\\/contactez-nous-2\\\/cours-de-musique-pointe-claire\\\/#breadcrumb\"},\"inLanguage\":\"fr-CA\",\"potentialAction\":[{\"@type\":\"ReadAction\",\"target\":[\"https:\\\/\\\/westislandmusicacademy.com\\\/fr\\\/contactez-nous-2\\\/cours-de-musique-pointe-claire\\\/\"]}]},{\"@type\":\"BreadcrumbList\",\"@id\":\"https:\\\/\\\/westislandmusicacademy.com\\\/fr\\\/contactez-nous-2\\\/cours-de-musique-pointe-claire\\\/#breadcrumb\",\"itemListElement\":[{\"@type\":\"ListItem\",\"position\":1,\"name\":\"Home\",\"item\":\"https:\\\/\\\/www.westislandmusicacademy.com\\\/fr\\\/\"},{\"@type\":\"ListItem\",\"position\":2,\"name\":\"Cours de musique \u00e0 Pointe-Claire\"}]},{\"@type\":\"WebSite\",\"@id\":\"https:\\\/\\\/www.westislandmusicacademy.com\\\/fr\\\/#website\",\"url\":\"https:\\\/\\\/www.westislandmusicacademy.com\\\/fr\\\/\",\"name\":\"WIMA - West Island Music Academy\",\"description\":\"Montreal&#039;s source for guitar, piano, drums, bass and singing lessons. Fun Guaranteed!\",\"publisher\":{\"@id\":\"https:\\\/\\\/www.westislandmusicacademy.com\\\/fr\\\/#organization\"},\"potentialAction\":[{\"@type\":\"SearchAction\",\"target\":{\"@type\":\"EntryPoint\",\"urlTemplate\":\"https:\\\/\\\/www.westislandmusicacademy.com\\\/fr\\\/?s={search_term_string}\"},\"query-input\":{\"@type\":\"PropertyValueSpecification\",\"valueRequired\":true,\"valueName\":\"search_term_string\"}}],\"inLanguage\":\"fr-CA\"},{\"@type\":\"Organization\",\"@id\":\"https:\\\/\\\/www.westislandmusicacademy.com\\\/fr\\\/#organization\",\"name\":\"WIMA - West Island Music Academy\",\"url\":\"https:\\\/\\\/www.westislandmusicacademy.com\\\/fr\\\/\",\"logo\":{\"@type\":\"ImageObject\",\"inLanguage\":\"fr-CA\",\"@id\":\"https:\\\/\\\/www.westislandmusicacademy.com\\\/fr\\\/#\\\/schema\\\/logo\\\/image\\\/\",\"url\":\"https:\\\/\\\/westislandmusicacademy.com\\\/wp-content\\\/uploads\\\/2022\\\/08\\\/wima-transparent-1-300x300-1.png\",\"contentUrl\":\"https:\\\/\\\/westislandmusicacademy.com\\\/wp-content\\\/uploads\\\/2022\\\/08\\\/wima-transparent-1-300x300-1.png\",\"width\":425,\"height\":425,\"caption\":\"WIMA - West Island Music Academy\"},\"image\":{\"@id\":\"https:\\\/\\\/www.westislandmusicacademy.com\\\/fr\\\/#\\\/schema\\\/logo\\\/image\\\/\"},\"sameAs\":[\"https:\\\/\\\/www.facebook.com\\\/wimarocks\\\/\"]}]}<\/script>\n<!-- \/ Yoast SEO plugin. -->","yoast_head_json":{"title":"Cours de musique \u00e0 Pointe-Claire | Acad\u00e9mie de musique WIMA","description":"WIMA offre des cours de musique \u00e0 Pointe-Claire qui s'adaptent au rythme de tous les \u00e9tudiants, quel que soit leur niveau. Contactez-nous pour en savoir plus !","robots":{"index":"index","follow":"follow","max-snippet":"max-snippet:-1","max-image-preview":"max-image-preview:large","max-video-preview":"max-video-preview:-1"},"canonical":"https:\/\/westislandmusicacademy.com\/fr\/contactez-nous-2\/cours-de-musique-pointe-claire\/","og_locale":"fr_CA","og_type":"article","og_title":"Cours de musique \u00e0 Pointe-Claire | Acad\u00e9mie de musique WIMA","og_description":"WIMA offre des cours de musique \u00e0 Pointe-Claire qui s'adaptent au rythme de tous les \u00e9tudiants, quel que soit leur niveau. Contactez-nous pour en savoir plus !","og_url":"https:\/\/westislandmusicacademy.com\/fr\/contactez-nous-2\/cours-de-musique-pointe-claire\/","og_site_name":"WIMA - West Island Music Academy","article_publisher":"https:\/\/www.facebook.com\/wimarocks\/","article_modified_time":"2025-07-03T07:04:26+00:00","twitter_card":"summary_large_image","twitter_misc":{"Estimation du temps de lecture":"3 minutes"},"schema":{"@context":"https:\/\/schema.org","@graph":[{"@type":"WebPage","@id":"https:\/\/westislandmusicacademy.com\/fr\/cours-de-musique-pointe-claire\/","url":"https:\/\/westislandmusicacademy.com\/fr\/contactez-nous-2\/cours-de-musique-pointe-claire\/","name":"Cours de musique \u00e0 Pointe-Claire | Acad\u00e9mie de musique WIMA","isPartOf":{"@id":"https:\/\/www.westislandmusicacademy.com\/fr\/#website"},"datePublished":"2020-12-22T16:26:53+00:00","dateModified":"2025-07-03T07:04:26+00:00","description":"WIMA offre des cours de musique \u00e0 Pointe-Claire qui s'adaptent au rythme de tous les \u00e9tudiants, quel que soit leur niveau. Contactez-nous pour en savoir plus !","breadcrumb":{"@id":"https:\/\/westislandmusicacademy.com\/fr\/contactez-nous-2\/cours-de-musique-pointe-claire\/#breadcrumb"},"inLanguage":"fr-CA","potentialAction":[{"@type":"ReadAction","target":["https:\/\/westislandmusicacademy.com\/fr\/contactez-nous-2\/cours-de-musique-pointe-claire\/"]}]},{"@type":"BreadcrumbList","@id":"https:\/\/westislandmusicacademy.com\/fr\/contactez-nous-2\/cours-de-musique-pointe-claire\/#breadcrumb","itemListElement":[{"@type":"ListItem","position":1,"name":"Home","item":"https:\/\/www.westislandmusicacademy.com\/fr\/"},{"@type":"ListItem","position":2,"name":"Cours de musique \u00e0 Pointe-Claire"}]},{"@type":"WebSite","@id":"https:\/\/www.westislandmusicacademy.com\/fr\/#website","url":"https:\/\/www.westislandmusicacademy.com\/fr\/","name":"WIMA - West Island Music Academy","description":"Montreal&#039;s source for guitar, piano, drums, bass and singing lessons. Fun Guaranteed!","publisher":{"@id":"https:\/\/www.westislandmusicacademy.com\/fr\/#organization"},"potentialAction":[{"@type":"SearchAction","target":{"@type":"EntryPoint","urlTemplate":"https:\/\/www.westislandmusicacademy.com\/fr\/?s={search_term_string}"},"query-input":{"@type":"PropertyValueSpecification","valueRequired":true,"valueName":"search_term_string"}}],"inLanguage":"fr-CA"},{"@type":"Organization","@id":"https:\/\/www.westislandmusicacademy.com\/fr\/#organization","name":"WIMA - West Island Music Academy","url":"https:\/\/www.westislandmusicacademy.com\/fr\/","logo":{"@type":"ImageObject","inLanguage":"fr-CA","@id":"https:\/\/www.westislandmusicacademy.com\/fr\/#\/schema\/logo\/image\/","url":"https:\/\/westislandmusicacademy.com\/wp-content\/uploads\/2022\/08\/wima-transparent-1-300x300-1.png","contentUrl":"https:\/\/westislandmusicacademy.com\/wp-content\/uploads\/2022\/08\/wima-transparent-1-300x300-1.png","width":425,"height":425,"caption":"WIMA - West Island Music Academy"},"image":{"@id":"https:\/\/www.westislandmusicacademy.com\/fr\/#\/schema\/logo\/image\/"},"sameAs":["https:\/\/www.facebook.com\/wimarocks\/"]}]}},"_links":{"self":[{"href":"https:\/\/westislandmusicacademy.com\/fr\/wp-json\/wp\/v2\/pages\/3481","targetHints":{"allow":["GET"]}}],"collection":[{"href":"https:\/\/westislandmusicacademy.com\/fr\/wp-json\/wp\/v2\/pages"}],"about":[{"href":"https:\/\/westislandmusicacademy.com\/fr\/wp-json\/wp\/v2\/types\/page"}],"author":[{"embeddable":true,"href":"https:\/\/westislandmusicacademy.com\/fr\/wp-json\/wp\/v2\/users\/13"}],"replies":[{"embeddable":true,"href":"https:\/\/westislandmusicacademy.com\/fr\/wp-json\/wp\/v2\/comments?post=3481"}],"version-history":[{"count":0,"href":"https:\/\/westislandmusicacademy.com\/fr\/wp-json\/wp\/v2\/pages\/3481\/revisions"}],"wp:attachment":[{"href":"https:\/\/westislandmusicacademy.com\/fr\/wp-json\/wp\/v2\/media?parent=3481"}],"curies":[{"name":"wp","href":"https:\/\/api.w.org\/{rel}","templated":true}]}}