{"id":4719,"date":"2020-09-21T19:39:48","date_gmt":"2020-09-21T19:39:48","guid":{"rendered":"https:\/\/mxzdesigns.com\/WIMA\/contactez-nous\/cours-de-musique-beaconsfield\/"},"modified":"2024-08-26T16:22:10","modified_gmt":"2024-08-26T16:22:10","slug":"cours-de-musique-beaconsfield","status":"publish","type":"page","link":"https:\/\/westislandmusicacademy.com\/fr\/contactez-nous\/cours-de-musique-beaconsfield\/","title":{"rendered":"Cours de musique beaconsfield"},"content":{"rendered":"<p>[et_pb_section fb_built=\u00a0\u00bb1&Prime; fullwidth=\u00a0\u00bbon\u00a0\u00bb _builder_version=\u00a0\u00bb4.16&Prime; _module_preset=\u00a0\u00bbdefault\u00a0\u00bb global_colors_info=\u00a0\u00bb{}\u00a0\u00bb][et_pb_fullwidth_header title=\u00a0\u00bbCours de musique \u00e0 Beaconsfield\u00a0\u00bb _builder_version=\u00a0\u00bb4.16&Prime; _module_preset=\u00a0\u00bbdefault\u00a0\u00bb background_image=\u00a0\u00bbhttps:\/\/westislandmusicacademy.com\/wp-content\/uploads\/2017\/11\/ramiro-mendes-392727-1.jpg\u00a0\u00bb global_colors_info=\u00a0\u00bb{}\u00a0\u00bb][\/et_pb_fullwidth_header][\/et_pb_section][et_pb_section fb_built=\u00a0\u00bb1&Prime; admin_label=\u00a0\u00bbsection\u00a0\u00bb _builder_version=\u00a0\u00bb4.16&Prime; global_colors_info=\u00a0\u00bb{}\u00a0\u00bb][et_pb_row column_structure=\u00a0\u00bb2_3,1_3&Prime; admin_label=\u00a0\u00bbligne\u00a0\u00bb _builder_version=\u00a0\u00bb4.16&Prime; background_size=\u00a0\u00bbinitial\u00a0\u00bb background_position=\u00a0\u00bbtop_left\u00a0\u00bb background_repeat=\u00a0\u00bbrepeat\u00a0\u00bb global_colors_info=\u00a0\u00bb{}\u00a0\u00bb][et_pb_column type=\u00a0\u00bb2_3&Prime; _builder_version=\u00a0\u00bb4.16&Prime; custom_padding=\u00a0\u00bb|||\u00a0\u00bb global_colors_info=\u00a0\u00bb{}\u00a0\u00bb custom_padding__hover=\u00a0\u00bb|||\u00a0\u00bb][et_pb_text admin_label=\u00a0\u00bbText\u00a0\u00bb _builder_version=\u00a0\u00bb4.23.4&Prime; header_2_text_color=\u00a0\u00bb#E25926&Prime; background_size=\u00a0\u00bbinitial\u00a0\u00bb background_position=\u00a0\u00bbtop_left\u00a0\u00bb background_repeat=\u00a0\u00bbrepeat\u00a0\u00bb custom_padding=\u00a0\u00bb||0px|||\u00a0\u00bb hover_enabled=\u00a0\u00bb0&Prime; global_colors_info=\u00a0\u00bb{}\u00a0\u00bb sticky_enabled=\u00a0\u00bb0&Prime;]<span style=\"font-weight: 400;\">Cours de musique \u00e0 Beaconsfield Vous souhaitez offrir des cours de musique \u00e0 Beaconsfield \u00e0 votre enfant? Ne cherchez plus. Vous \u00eates \u00e0 la bonne place. Notre \u00e9cole de musique offre des cours de musique dans une ambiance ludique et une atmosph\u00e8re d\u00e9contract\u00e9e. <\/span><\/p>\n<p><span style=\"font-weight: 400;\">Nous offrons des cours de guitare, de piano, de batterie et de chants donn\u00e9s par des professeurs comp\u00e9tents et qualifi\u00e9s. Nous offrons \u00e9galement des le\u00e7ons priv\u00e9es pour un apprentissage plus personnalis\u00e9 et au rythme de l\u2019\u00e9l\u00e8ve. <\/span><\/p>\n<p><span style=\"font-weight: 400;\">En plus d\u2019\u00eatre situ\u00e9s \u00e0 Beaconsfield, nous poss\u00e9dons \u00e9galement des antennes \u00e0 Pointe-Claire et C\u00f4te-Saint-Luc. Contactez-nous d\u00e8s maintenant pour une le\u00e7on\u00a0 avec l\u2019instrument de votre choix. PROFITEZ D\u2019UNE <\/span><a href=\"https:\/\/westislandmusicacademy.com\/free-lesson\/\"><span style=\"font-weight: 400;\">LE\u00c7ON <\/span><\/a><span style=\"font-weight: 400;\"> SUR L\u2019INSTRUMENT DE VOTRE CHOIX!<\/span><\/p>\n<p><span style=\"font-weight: 400;\"><\/span><\/p>\n<p style=\"text-align: center;\"><span style=\"font-weight: 400;\">WIMA Beaconsfield<\/span><span style=\"font-weight: 400;\"><br \/>\n<\/span><span style=\"font-weight: 400;\">482, Beaconsfield #204<\/span><span style=\"font-weight: 400;\"><br \/>\n<\/span><span style=\"font-weight: 400;\">Beaconsfield, QC, H9W 4C3<\/span><span style=\"font-weight: 400;\"><br \/>\n<\/span><span style=\"font-weight: 400;\">514-505-6606<\/span><span style=\"font-weight: 400;\"><br \/>\n<\/span><span style=\"font-weight: 400;\">beaconsfield@wima.ca<\/span><\/p>\n<p>[\/et_pb_text][et_pb_image src=\u00a0\u00bbhttps:\/\/westislandmusicacademy.com\/wp-content\/uploads\/2020\/09\/music-lessons-beaconsfield-1-1024&#215;683.jpg\u00a0\u00bb alt=\u00a0\u00bbmusic-lessons-beaconsfield\u00a0\u00bb title_text=\u00a0\u00bbmusic-lessons-beaconsfield\u00a0\u00bb _builder_version=\u00a0\u00bb4.23.1&Prime; _module_preset=\u00a0\u00bbdefault\u00a0\u00bb global_colors_info=\u00a0\u00bb{}\u00a0\u00bb][\/et_pb_image][et_pb_text admin_label=\u00a0\u00bbText\u00a0\u00bb _builder_version=\u00a0\u00bb4.16&Prime; header_2_text_color=\u00a0\u00bb#E25926&Prime; background_size=\u00a0\u00bbinitial\u00a0\u00bb background_position=\u00a0\u00bbtop_left\u00a0\u00bb background_repeat=\u00a0\u00bbrepeat\u00a0\u00bb custom_padding=\u00a0\u00bb||0px|||\u00a0\u00bb global_colors_info=\u00a0\u00bb{}\u00a0\u00bb]<\/p>\n<p style=\"text-align: center;\">\n<h2>Des cours de musique \u00e0 Beaconsfield dans une atmosph\u00e8re ludique<\/h2>\n<p><span style=\"font-weight: 400;\">WIMA s\u2019est donn\u00e9 comme mission d\u2019offrir des cours de musique \u00e0 Beaconsfield dans une atmosph\u00e8re passionnante, et ce, peu importe le niveau des \u00e9l\u00e8ves qu\u2019ils soient d\u00e9butants ou avanc\u00e9s. Nos cours de musique offrent en effet une approche individualis\u00e9e qui s\u2019adapte au rythme de chaque \u00e9l\u00e8ve. Nous souhaitons aider nos \u00e9l\u00e8ves \u00e0 atteindre leurs propres objectifs dans une ambiance d\u00e9tendue plut\u00f4t que de satisfaire aux attentes des autres.  <\/span><\/p>\n<p><span style=\"font-weight: 400;\"><\/span><\/p>\n<h2>Nos cours de musique de groupe \u00e0 Beaconsfield<\/h2>\n<h3><span style=\"font-weight: 400;\">\u00c9veil musical pour les tout petits<\/span><\/h3>\n<p><a href=\"https:\/\/westislandmusicacademy.com\/music-for-toddlers\/\"><span style=\"font-weight: 400;\">Pour les tout-petits,<\/span><\/a><span style=\"font-weight: 400;\"> des cours d\u2019\u00e9veil musical sont offerts dans le but de d\u00e9velopper leurs capacit\u00e9s musicales, psychomotrices et expressives. Pour les b\u00e9b\u00e9s entre 9 et 18 mois, les cours sont offerts en \u00e9tant accompagn\u00e9s d\u2019un parent. Entre 2 et 5 ans, les enfants sont initi\u00e9s \u00e0 la musique. Ils peuvent ensuite commencer une formation musicale o\u00f9 ils entrent en contact avec l\u2019instrument.   <\/span><\/p>\n<h3><span style=\"font-weight: 400;\">Camp de musique<\/span><\/h3>\n<p><span style=\"font-weight: 400;\">Pour les enfants entre 8 et 18 ans, WIMA offre \u00e9galement des<\/span><a href=\"https:\/\/westislandmusicacademy.com\/music-camps\/\"><span style=\"font-weight: 400;\">camps de musique<\/span><\/a><span style=\"font-weight: 400;\"> durant les vacances d\u2019\u00e9t\u00e9 et la semaine de rel\u00e2che en mars. Les participants doivent avoir fait au moins 6 mois \u00e0 1 an de pratique d\u2019un instrument de musique. Les campeurs ont 2 pratiques de 2 heures par jour ainsi que des s\u00e9minaires informatifs se concentrant sur les diff\u00e9rents styles musicaux.  <\/span><\/p>\n<h3><span style=\"font-weight: 400;\">Programme de Rock Band <\/span><\/h3>\n<p><span style=\"font-weight: 400;\">Nous proposons \u00e9galement 2<\/span><a href=\"https:\/\/westislandmusicacademy.com\/rock-band-classes\/\"><span style=\"font-weight: 400;\">cours de groupe rock<\/span><\/a><span style=\"font-weight: 400;\"> pour les \u00e9l\u00e8ves qui souhaitent int\u00e9grer un groupe de musique. Pour les 6 \u00e0 9 ans, des groupes juniors sont form\u00e9s en int\u00e9grant des \u00e9l\u00e8ves de niveau similaire avec un professeur exp\u00e9riment\u00e9. Les r\u00e9p\u00e9titions durent 60 minutes par semaine.   <\/span><\/p>\n<p><span style=\"font-weight: 400;\">Pour les 10 ans et plus, les groupes sont form\u00e9s avec des \u00e9l\u00e8ves de niveau avanc\u00e9 qui ont suivi au moins 3 ans de cours de musique. Ils seront accompagn\u00e9s de musiciens et de compositeurs professionnels pour les aider \u00e0 faire leurs propres chansons. <\/span><\/p>\n<h3><span style=\"font-weight: 400;\">Cours priv\u00e9s<\/span><\/h3>\n<p><span style=\"font-weight: 400;\">WIMA offre \u00e9gaalement<\/span><a href=\"https:\/\/westislandmusicacademy.com\/private-lessons\/\"><span style=\"font-weight: 400;\">des cours de musique priv\u00e9s<\/span><\/a><span style=\"font-weight: 400;\"> in Beaconsfield for students of all ages and levels. Our teachers adapt to the rhythm and level of each student. This individualized approach includes a wide selection of musical instruments. Some students may even be encouraged to compose their own songs.    <\/span><\/p>\n<p><span style=\"font-weight: 400;\">Notre \u00e9cole de musique peut \u00e9galement aider \u00e0 la pr\u00e9paration aux examens d\u2019entr\u00e9e au c\u00e9gep et au Conservatoire Royal de musique.<\/span><\/p>\n<p>&nbsp;<\/p>\n<p><iframe loading=\"lazy\" style=\"border: 0;\" src=\"https:\/\/www.google.com\/maps\/embed?pb=!1m18!1m12!1m3!1d2800.4988932869287!2d-73.88389878492967!3d45.419443644450645!2m3!1f0!2f0!3f0!3m2!1i1024!2i768!4f13.1!3m3!1m2!1s0x4cc939ea3a8d1503%3A0x129b7a155af8bd1c!2s%F0%9F%8E%B5%20West%20Island%20Music%20Academy%20(WIMA)!5e0!3m2!1sfr!2sca!4v1600717262357!5m2!1sfr!2sca\" width=\"600\" height=\"450\" frameborder=\"0\" allowfullscreen=\"allowfullscreen\" aria-hidden=\"false\" tabindex=\"0\"><\/iframe><\/p>\n<p>[\/et_pb_text][\/et_pb_column][et_pb_column type=\u00a0\u00bb1_3&Prime; _builder_version=\u00a0\u00bb4.16&Prime; custom_padding=\u00a0\u00bb|||\u00a0\u00bb global_colors_info=\u00a0\u00bb{}\u00a0\u00bb custom_padding__hover=\u00a0\u00bb|||\u00a0\u00bb][et_pb_text _builder_version=\u00a0\u00bb4.16&Prime; _module_preset=\u00a0\u00bbdefault\u00a0\u00bb header_text_align=\u00a0\u00bbcenter\u00a0\u00bb text_orientation=\u00a0\u00bbcenter\u00a0\u00bb global_colors_info=\u00a0\u00bb{}\u00a0\u00bb]<script src=\"https:\/\/cdn.lordicon.com\/libs\/mssddfmo\/lord-icon-2.1.0.js\"><\/script><br \/>\n<lord-icon src=\"https:\/\/cdn.lordicon.com\/jivtjngg.json\" trigger=\"loop\" colors=\"primary:#121331,secondary:#e25726\" style=\"width:250px;height:250px\"><br \/>\n<\/lord-icon>[\/et_pb_text][et_pb_text _builder_version=\u00a0\u00bb4.16&Prime; _module_preset=\u00a0\u00bbdefault\u00a0\u00bb text_line_height=\u00a0\u00bb2em\u00a0\u00bb header_letter_spacing=\u00a0\u00bb3px\u00a0\u00bb header_line_height=\u00a0\u00bb2em\u00a0\u00bb header_3_line_height=\u00a0\u00bb1.6em\u00a0\u00bb global_colors_info=\u00a0\u00bb{}\u00a0\u00bb]<\/p>\n<h1 style=\"text-align: center;\">TRY A FREE SESSION<\/h1>\n<div class=\"textwidget\">\n<div class=\"align-center\">\n<h3 style=\"text-align: center;\"><span>TAKE ADVANTAGE OF<\/span><span>\u00a0A <span style=\"color: #e25926;\">FREE 30-MINUTE LESSON<\/span><\/span><span><span style=\"color: #e25926;\">\u00a0<\/span>ON THE INSTRUMENT OF YOUR CHOICE!<\/span><\/h3>\n<\/div>\n<\/div>\n<p>[\/et_pb_text][et_pb_button button_url=\u00a0\u00bbhttps:\/\/westislandmusicacademy.com\/free-lesson\/\u00a0\u00bb button_text=\u00a0\u00bbEN SAVOIR PLUS\u00a0\u00bb button_alignment=\u00a0\u00bbcenter\u00a0\u00bb _builder_version=\u00a0\u00bb4.16&Prime; _module_preset=\u00a0\u00bbdefault\u00a0\u00bb saved_tabs=\u00a0\u00bball\u00a0\u00bb global_colors_info=\u00a0\u00bb{}\u00a0\u00bb][\/et_pb_button][et_pb_text _builder_version=\u00a0\u00bb4.16&Prime; _module_preset=\u00a0\u00bbdefault\u00a0\u00bb text_orientation=\u00a0\u00bbcenter\u00a0\u00bb custom_margin=\u00a0\u00bb||12px|||\u00a0\u00bb global_colors_info=\u00a0\u00bb{}\u00a0\u00bb]<\/p>\n<h3 style=\"text-align: center;\"><strong>RESTONS CONNECT\u00c9<\/strong><\/h3>\n<p>[\/et_pb_text][et_pb_social_media_follow use_icon_font_size=\u00a0\u00bbon\u00a0\u00bb icon_font_size=\u00a0\u00bb18px\u00a0\u00bb _builder_version=\u00a0\u00bb4.16&Prime; _module_preset=\u00a0\u00bbdefault\u00a0\u00bb text_orientation=\u00a0\u00bbcenter\u00a0\u00bb custom_margin=\u00a0\u00bb||||false|false\u00a0\u00bb custom_padding=\u00a0\u00bb||7px|||\u00a0\u00bb global_colors_info=\u00a0\u00bb{}\u00a0\u00bb][et_pb_social_media_follow_network social_network=\u00a0\u00bbfacebook\u00a0\u00bb url=\u00a0\u00bbhttps:\/\/www.facebook.com\/wimarocks\u00a0\u00bb _builder_version=\u00a0\u00bb4.16&Prime; _module_preset=\u00a0\u00bbdefault\u00a0\u00bb background_color=\u00a0\u00bb#3b5998&Prime; global_colors_info=\u00a0\u00bb{}\u00a0\u00bb follow_button=\u00a0\u00bboff\u00a0\u00bb url_new_window=\u00a0\u00bbon\u00a0\u00bb]facebook[\/et_pb_social_media_follow_network][et_pb_social_media_follow_network social_network=\u00a0\u00bbinstagram\u00a0\u00bb url=\u00a0\u00bbhttps:\/\/www.instagram.com\/wima_rocks\/\u00a0\u00bb _builder_version=\u00a0\u00bb4.16&Prime; _module_preset=\u00a0\u00bbdefault\u00a0\u00bb background_color=\u00a0\u00bb#ea2c59&Prime; global_colors_info=\u00a0\u00bb{}\u00a0\u00bb follow_button=\u00a0\u00bboff\u00a0\u00bb url_new_window=\u00a0\u00bbon\u00a0\u00bb]instagram[\/et_pb_social_media_follow_network][et_pb_social_media_follow_network social_network=\u00a0\u00bbyoutube\u00a0\u00bb url=\u00a0\u00bbhttps:\/\/www.instagram.com\/wima_rocks\/\u00a0\u00bb _builder_version=\u00a0\u00bb4.16&Prime; _module_preset=\u00a0\u00bbdefault\u00a0\u00bb background_color=\u00a0\u00bb#a82400&Prime; global_colors_info=\u00a0\u00bb{}\u00a0\u00bb follow_button=\u00a0\u00bboff\u00a0\u00bb url_new_window=\u00a0\u00bbon\u00a0\u00bb]youtube[\/et_pb_social_media_follow_network][\/et_pb_social_media_follow][\/et_pb_column][\/et_pb_row][\/et_pb_section]<\/p>\n","protected":false},"excerpt":{"rendered":"<p>Cours de musique \u00e0 Beaconsfield Vous souhaitez offrir des cours de musique \u00e0 Beaconsfield \u00e0 votre enfant? Ne cherchez plus. Vous \u00eates \u00e0 la bonne place. Notre \u00e9cole de musique offre des cours de musique dans une ambiance ludique et une atmosph\u00e8re d\u00e9contract\u00e9e. Nous offrons des cours de guitare, de piano, de batterie et de [&hellip;]<\/p>\n","protected":false},"author":13,"featured_media":0,"parent":4713,"menu_order":0,"comment_status":"closed","ping_status":"open","template":"","meta":{"_acf_changed":false,"_et_pb_use_builder":"on","_et_pb_old_content":"","_et_gb_content_width":"","footnotes":""},"class_list":["post-4719","page","type-page","status-publish","hentry"],"acf":[],"yoast_head":"<!-- This site is optimized with the Yoast SEO plugin v27.5 - https:\/\/yoast.com\/product\/yoast-seo-wordpress\/ -->\n<title>Cours de musique beaconsfield - WIMA - West Island Music Academy<\/title>\n<meta name=\"robots\" content=\"index, follow, max-snippet:-1, max-image-preview:large, max-video-preview:-1\" \/>\n<link rel=\"canonical\" href=\"https:\/\/westislandmusicacademy.com\/fr\/contactez-nous\/cours-de-musique-beaconsfield\/\" \/>\n<meta property=\"og:locale\" content=\"fr_CA\" \/>\n<meta property=\"og:type\" content=\"article\" \/>\n<meta property=\"og:title\" content=\"Cours de musique beaconsfield - WIMA - West Island Music Academy\" \/>\n<meta property=\"og:description\" content=\"Cours de musique \u00e0 Beaconsfield Vous souhaitez offrir des cours de musique \u00e0 Beaconsfield \u00e0 votre enfant? Ne cherchez plus. Vous \u00eates \u00e0 la bonne place. Notre \u00e9cole de musique offre des cours de musique dans une ambiance ludique et une atmosph\u00e8re d\u00e9contract\u00e9e. Nous offrons des cours de guitare, de piano, de batterie et de [&hellip;]\" \/>\n<meta property=\"og:url\" content=\"https:\/\/westislandmusicacademy.com\/fr\/contactez-nous\/cours-de-musique-beaconsfield\/\" \/>\n<meta property=\"og:site_name\" content=\"WIMA - West Island Music Academy\" \/>\n<meta property=\"article:publisher\" content=\"https:\/\/www.facebook.com\/wimarocks\/\" \/>\n<meta property=\"article:modified_time\" content=\"2024-08-26T16:22:10+00:00\" \/>\n<meta name=\"twitter:card\" content=\"summary_large_image\" \/>\n<meta name=\"twitter:label1\" content=\"Estimation du temps de lecture\" \/>\n\t<meta name=\"twitter:data1\" content=\"3 minutes\" \/>\n<script type=\"application\/ld+json\" class=\"yoast-schema-graph\">{\"@context\":\"https:\\\/\\\/schema.org\",\"@graph\":[{\"@type\":\"WebPage\",\"@id\":\"https:\\\/\\\/westislandmusicacademy.com\\\/fr\\\/contactez-nous\\\/cours-de-musique-beaconsfield\\\/\",\"url\":\"https:\\\/\\\/westislandmusicacademy.com\\\/fr\\\/contactez-nous\\\/cours-de-musique-beaconsfield\\\/\",\"name\":\"Cours de musique beaconsfield - WIMA - West Island Music Academy\",\"isPartOf\":{\"@id\":\"https:\\\/\\\/westislandmusicacademy.com\\\/fr\\\/#website\"},\"datePublished\":\"2020-09-21T19:39:48+00:00\",\"dateModified\":\"2024-08-26T16:22:10+00:00\",\"breadcrumb\":{\"@id\":\"https:\\\/\\\/westislandmusicacademy.com\\\/fr\\\/contactez-nous\\\/cours-de-musique-beaconsfield\\\/#breadcrumb\"},\"inLanguage\":\"fr-CA\",\"potentialAction\":[{\"@type\":\"ReadAction\",\"target\":[\"https:\\\/\\\/westislandmusicacademy.com\\\/fr\\\/contactez-nous\\\/cours-de-musique-beaconsfield\\\/\"]}]},{\"@type\":\"BreadcrumbList\",\"@id\":\"https:\\\/\\\/westislandmusicacademy.com\\\/fr\\\/contactez-nous\\\/cours-de-musique-beaconsfield\\\/#breadcrumb\",\"itemListElement\":[{\"@type\":\"ListItem\",\"position\":1,\"name\":\"Home\",\"item\":\"https:\\\/\\\/westislandmusicacademy.com\\\/fr\\\/\"},{\"@type\":\"ListItem\",\"position\":2,\"name\":\"Contactez nous\",\"item\":\"https:\\\/\\\/westislandmusicacademy.com\\\/fr\\\/contactez-nous\\\/\"},{\"@type\":\"ListItem\",\"position\":3,\"name\":\"Cours de musique beaconsfield\"}]},{\"@type\":\"WebSite\",\"@id\":\"https:\\\/\\\/westislandmusicacademy.com\\\/fr\\\/#website\",\"url\":\"https:\\\/\\\/westislandmusicacademy.com\\\/fr\\\/\",\"name\":\"WIMA - West Island Music Academy\",\"description\":\"Montreal&#039;s source for guitar, piano, drums, bass and singing lessons. Fun Guaranteed!\",\"publisher\":{\"@id\":\"https:\\\/\\\/westislandmusicacademy.com\\\/fr\\\/#organization\"},\"potentialAction\":[{\"@type\":\"SearchAction\",\"target\":{\"@type\":\"EntryPoint\",\"urlTemplate\":\"https:\\\/\\\/westislandmusicacademy.com\\\/fr\\\/?s={search_term_string}\"},\"query-input\":{\"@type\":\"PropertyValueSpecification\",\"valueRequired\":true,\"valueName\":\"search_term_string\"}}],\"inLanguage\":\"fr-CA\"},{\"@type\":\"Organization\",\"@id\":\"https:\\\/\\\/westislandmusicacademy.com\\\/fr\\\/#organization\",\"name\":\"WIMA - West Island Music Academy\",\"url\":\"https:\\\/\\\/westislandmusicacademy.com\\\/fr\\\/\",\"logo\":{\"@type\":\"ImageObject\",\"inLanguage\":\"fr-CA\",\"@id\":\"https:\\\/\\\/westislandmusicacademy.com\\\/fr\\\/#\\\/schema\\\/logo\\\/image\\\/\",\"url\":\"https:\\\/\\\/westislandmusicacademy.com\\\/wp-content\\\/uploads\\\/2022\\\/08\\\/wima-transparent-1-300x300-1.png\",\"contentUrl\":\"https:\\\/\\\/westislandmusicacademy.com\\\/wp-content\\\/uploads\\\/2022\\\/08\\\/wima-transparent-1-300x300-1.png\",\"width\":425,\"height\":425,\"caption\":\"WIMA - West Island Music Academy\"},\"image\":{\"@id\":\"https:\\\/\\\/westislandmusicacademy.com\\\/fr\\\/#\\\/schema\\\/logo\\\/image\\\/\"},\"sameAs\":[\"https:\\\/\\\/www.facebook.com\\\/wimarocks\\\/\"]}]}<\/script>\n<!-- \/ Yoast SEO plugin. -->","yoast_head_json":{"title":"Cours de musique beaconsfield - WIMA - West Island Music Academy","robots":{"index":"index","follow":"follow","max-snippet":"max-snippet:-1","max-image-preview":"max-image-preview:large","max-video-preview":"max-video-preview:-1"},"canonical":"https:\/\/westislandmusicacademy.com\/fr\/contactez-nous\/cours-de-musique-beaconsfield\/","og_locale":"fr_CA","og_type":"article","og_title":"Cours de musique beaconsfield - WIMA - West Island Music Academy","og_description":"Cours de musique \u00e0 Beaconsfield Vous souhaitez offrir des cours de musique \u00e0 Beaconsfield \u00e0 votre enfant? Ne cherchez plus. Vous \u00eates \u00e0 la bonne place. Notre \u00e9cole de musique offre des cours de musique dans une ambiance ludique et une atmosph\u00e8re d\u00e9contract\u00e9e. Nous offrons des cours de guitare, de piano, de batterie et de [&hellip;]","og_url":"https:\/\/westislandmusicacademy.com\/fr\/contactez-nous\/cours-de-musique-beaconsfield\/","og_site_name":"WIMA - West Island Music Academy","article_publisher":"https:\/\/www.facebook.com\/wimarocks\/","article_modified_time":"2024-08-26T16:22:10+00:00","twitter_card":"summary_large_image","twitter_misc":{"Estimation du temps de lecture":"3 minutes"},"schema":{"@context":"https:\/\/schema.org","@graph":[{"@type":"WebPage","@id":"https:\/\/westislandmusicacademy.com\/fr\/contactez-nous\/cours-de-musique-beaconsfield\/","url":"https:\/\/westislandmusicacademy.com\/fr\/contactez-nous\/cours-de-musique-beaconsfield\/","name":"Cours de musique beaconsfield - WIMA - West Island Music Academy","isPartOf":{"@id":"https:\/\/westislandmusicacademy.com\/fr\/#website"},"datePublished":"2020-09-21T19:39:48+00:00","dateModified":"2024-08-26T16:22:10+00:00","breadcrumb":{"@id":"https:\/\/westislandmusicacademy.com\/fr\/contactez-nous\/cours-de-musique-beaconsfield\/#breadcrumb"},"inLanguage":"fr-CA","potentialAction":[{"@type":"ReadAction","target":["https:\/\/westislandmusicacademy.com\/fr\/contactez-nous\/cours-de-musique-beaconsfield\/"]}]},{"@type":"BreadcrumbList","@id":"https:\/\/westislandmusicacademy.com\/fr\/contactez-nous\/cours-de-musique-beaconsfield\/#breadcrumb","itemListElement":[{"@type":"ListItem","position":1,"name":"Home","item":"https:\/\/westislandmusicacademy.com\/fr\/"},{"@type":"ListItem","position":2,"name":"Contactez nous","item":"https:\/\/westislandmusicacademy.com\/fr\/contactez-nous\/"},{"@type":"ListItem","position":3,"name":"Cours de musique beaconsfield"}]},{"@type":"WebSite","@id":"https:\/\/westislandmusicacademy.com\/fr\/#website","url":"https:\/\/westislandmusicacademy.com\/fr\/","name":"WIMA - West Island Music Academy","description":"Montreal&#039;s source for guitar, piano, drums, bass and singing lessons. Fun Guaranteed!","publisher":{"@id":"https:\/\/westislandmusicacademy.com\/fr\/#organization"},"potentialAction":[{"@type":"SearchAction","target":{"@type":"EntryPoint","urlTemplate":"https:\/\/westislandmusicacademy.com\/fr\/?s={search_term_string}"},"query-input":{"@type":"PropertyValueSpecification","valueRequired":true,"valueName":"search_term_string"}}],"inLanguage":"fr-CA"},{"@type":"Organization","@id":"https:\/\/westislandmusicacademy.com\/fr\/#organization","name":"WIMA - West Island Music Academy","url":"https:\/\/westislandmusicacademy.com\/fr\/","logo":{"@type":"ImageObject","inLanguage":"fr-CA","@id":"https:\/\/westislandmusicacademy.com\/fr\/#\/schema\/logo\/image\/","url":"https:\/\/westislandmusicacademy.com\/wp-content\/uploads\/2022\/08\/wima-transparent-1-300x300-1.png","contentUrl":"https:\/\/westislandmusicacademy.com\/wp-content\/uploads\/2022\/08\/wima-transparent-1-300x300-1.png","width":425,"height":425,"caption":"WIMA - West Island Music Academy"},"image":{"@id":"https:\/\/westislandmusicacademy.com\/fr\/#\/schema\/logo\/image\/"},"sameAs":["https:\/\/www.facebook.com\/wimarocks\/"]}]}},"_links":{"self":[{"href":"https:\/\/westislandmusicacademy.com\/fr\/wp-json\/wp\/v2\/pages\/4719","targetHints":{"allow":["GET"]}}],"collection":[{"href":"https:\/\/westislandmusicacademy.com\/fr\/wp-json\/wp\/v2\/pages"}],"about":[{"href":"https:\/\/westislandmusicacademy.com\/fr\/wp-json\/wp\/v2\/types\/page"}],"author":[{"embeddable":true,"href":"https:\/\/westislandmusicacademy.com\/fr\/wp-json\/wp\/v2\/users\/13"}],"replies":[{"embeddable":true,"href":"https:\/\/westislandmusicacademy.com\/fr\/wp-json\/wp\/v2\/comments?post=4719"}],"version-history":[{"count":0,"href":"https:\/\/westislandmusicacademy.com\/fr\/wp-json\/wp\/v2\/pages\/4719\/revisions"}],"up":[{"embeddable":true,"href":"https:\/\/westislandmusicacademy.com\/fr\/wp-json\/wp\/v2\/pages\/4713"}],"wp:attachment":[{"href":"https:\/\/westislandmusicacademy.com\/fr\/wp-json\/wp\/v2\/media?parent=4719"}],"curies":[{"name":"wp","href":"https:\/\/api.w.org\/{rel}","templated":true}]}}